{"id":135109,"date":"2021-06-02T22:31:24","date_gmt":"2021-06-02T19:31:24","guid":{"rendered":"https:\/\/epochtimestr.com\/?page_id=135109"},"modified":"2023-08-06T16:41:09","modified_gmt":"2023-08-06T13:41:09","slug":"ozel-seri-komunizm-hayaleti-dunyamizi-nasil-yonetiyor","status":"publish","type":"page","link":"https:\/\/epochtimestr.com\/index.php\/ozel-seri-komunizm-hayaleti-dunyamizi-nasil-yonetiyor","title":{"rendered":"\u00d6zel Seri: Kom\u00fcnizmin Hayaleti D\u00fcnyam\u0131za Nas\u0131l H\u00fckmediyor"},"content":{"rendered":"<p>[vc_row][vc_column][vc_single_image image=&#8221;135303&#8243; img_size=&#8221;732&#215;439&#8243; alignment=&#8221;center&#8221;]\t<div\r\n\t\t\t\t\tclass=\"bs-shortcode bs-text \">\r\n\t\t\t\t<div class=\"bs-text-content\">\r\n\t\t\t<\/p>\n<p><em>Epoch Times,\u00a0<a href=\"https:\/\/epochtimestr.com\/index.php\/komunist-parti-uzerine-9-yorum-giris\" target=\"_blank\" rel=\"noreferrer noopener\" data-saferedirecturl=\"https:\/\/www.google.com\/url?q=https:\/\/epochtimestr.com\/index.php\/komunist-parti-uzerine-9-yorum-giris&amp;source=gmail&amp;ust=1623671529964000&amp;usg=AFQjCNGvRSoyG0yNnN4bOsByVFUUclFUkA\">\u201cKom\u00fcnist Parti \u00dczerine Dokuz Yorum\u201d<\/a>un yazarlar\u0131 taraf\u0131ndan kaleme al\u0131nm\u0131\u015f\u00a0<a href=\"https:\/\/epochtimestr.com\/index.php\/onsoz-komunizmin-hayaleti-dunyamiza-nasil-hukmediyor\" target=\"_blank\" rel=\"noreferrer noopener\" data-saferedirecturl=\"https:\/\/www.google.com\/url?q=https:\/\/epochtimestr.com\/index.php\/onsoz-komunizmin-hayaleti-dunyamiza-nasil-hukmediyor&amp;source=gmail&amp;ust=1623671529964000&amp;usg=AFQjCNHBAnDrPAzqMV_EUK26XulU14YDSA\">\u201cKom\u00fcnizmin Hayaleti D\u00fcnyam\u0131za Nas\u0131l H\u00fckmediyor?\u201d<\/a>\u00a0adl\u0131 \u00c7ince kitab\u0131n \u00e7eviri serisini okurlar\u0131na sunuyor.<\/em><\/p>\n<p>\n\t\t<\/div>\r\n\t<\/div><!-- .bs-text -->\r\n[\/vc_column][\/vc_row][vc_row full_width=&#8221;stretch_row_content&#8221; full_height=&#8221;yes&#8221;][vc_column]<div class=\" bs-listing bs-listing-listing-blog-1 bs-listing-single-tab pagination-animate\">\t\t<h3 class=\"section-heading sh-t3 sh-s4 main-term-8135\">\r\n\r\n\t\t\r\n\t\t\t\t\t\t\t<a href=\"https:\/\/epochtimestr.com\/index.php\/category\/komunizmin-hayaleti\" class=\"main-link\">\r\n\t\t\t\t\t\t\t<span class=\"h-text main-term-8135\">\r\n\t\t\t\t\t\t\t\t\u00d6zel Seri: Kom\u00fcnist Hayalet D\u00fcnyam\u0131z\u0131 Nas\u0131l Y\u00f6netiyor\t\t\t\t\t\t\t<\/span>\r\n\t\t\t\t<\/a>\r\n\t\t\t\r\n\t\t\r\n\t\t<\/h3>\r\n\t\t\t\t<div class=\"bs-pagination-wrapper main-term-8135 more_btn_infinity bs-slider-first-item\">\r\n\t\t\t<div class=\"listing listing-blog listing-blog-1 clearfix columns-1 columns-1\">\r\n\t\t<article class=\"post-131523 type-post format-standard has-post-thumbnail   listing-item listing-item-blog  listing-item-blog-1 main-term-8135 bsw-9 \">\r\n\t\t<div class=\"item-inner clearfix\">\r\n\t\t\t\t\t\t\t<div class=\"featured clearfix\">\r\n\t\t\t\t\t\t\t\t\t\t<a  title=\"\u00d6ns\u00f6z: Kom\u00fcnizmin Hayaleti D\u00fcnyam\u0131za Nas\u0131l H\u00fckmediyor?\" style=\"background-image: url(https:\/\/epochtimestr.com\/wp-content\/uploads\/2011y\/Kom\u00fcnizmin-Hayaleti-\u00d6ns\u00f6z-210x136.jpg);\" data-bsrjs=\"https:\/\/epochtimestr.com\/wp-content\/uploads\/2011y\/Kom\u00fcnizmin-Hayaleti-\u00d6ns\u00f6z-279x220.jpg\"\t\t\t\t\t\t\tclass=\"img-holder\" href=\"https:\/\/epochtimestr.com\/index.php\/onsoz-komunizmin-hayaleti-dunyamiza-nasil-hukmediyor\"><\/a>\r\n\t\t\t\t\t\t\t\t\t<\/div>\r\n\t\t\t<h3 class=\"title\">\t\t\t<a href=\"https:\/\/epochtimestr.com\/index.php\/onsoz-komunizmin-hayaleti-dunyamiza-nasil-hukmediyor\" class=\"post-url post-title\">\r\n\t\t\t\t\u00d6ns\u00f6z: Kom\u00fcnizmin Hayaleti D\u00fcnyam\u0131za Nas\u0131l H\u00fckmediyor?\t\t\t<\/a>\r\n\t\t\t<\/h3>\t\t<div class=\"post-meta\">\r\n\r\n\t\t\t\t\t\t\t<a href=\"https:\/\/epochtimestr.com\/index.php\/author\/epochtimes\"\r\n\t\t\t\t   title=\"Yazar\u0131n Makalelerine G\u00f6z At\"\r\n\t\t\t\t   class=\"post-author-a\">\r\n\t\t\t\t\t<i class=\"post-author author\">\r\n\t\t\t\t\t\tEpoch Times Yay\u0131n Kurulu\t\t\t\t\t<\/i>\r\n\t\t\t\t<\/a>\r\n\t\t\t\t\t\t\t<span class=\"time\"><time class=\"post-published updated\"\r\n\t\t\t\t                         datetime=\"2020-12-25T14:14:54+03:00\">Ara 25, 2020<\/time><\/span>\r\n\t\t\t\t\t\t<\/div>\r\n\t\t\t\t\t\t<div class=\"post-summary\">\r\n\t\t\t\t\tDo\u011fu Avrupa kom\u00fcnist rejimleri par\u00e7alanm\u0131\u015f olsa da, kom\u00fcnizmin hayaleti hala yok olmad\u0131. Tam tersine, bu k\u00f6t\u00fc hayalet \u00e7oktand\u0131r d\u00fcnyam\u0131z\u0131 y\u00f6netiyor ve insanlar ona kar\u015f\u0131 yanl\u0131\u015f bir iyimserlik duygusuna kap\u0131lmamal\u0131.\t\t\t\t<\/div>\r\n\t\t\t\t\t\t<\/div>\r\n\t<\/article>\r\n\t<article class=\"post-131533 type-post format-standard has-post-thumbnail   listing-item listing-item-blog  listing-item-blog-1 main-term-8135 bsw-9 \">\r\n\t\t<div class=\"item-inner clearfix\">\r\n\t\t\t\t\t\t\t<div class=\"featured clearfix\">\r\n\t\t\t\t\t\t\t\t\t\t<a  title=\"Giri\u015f: Kom\u00fcnizmin Hayaleti D\u00fcnyam\u0131za Nas\u0131l H\u00fckmediyor?\" style=\"background-image: url(https:\/\/epochtimestr.com\/wp-content\/uploads\/2011y\/Giri\u015f-210x136.jpg);\" data-bsrjs=\"https:\/\/epochtimestr.com\/wp-content\/uploads\/2011y\/Giri\u015f-279x220.jpg\"\t\t\t\t\t\t\tclass=\"img-holder\" href=\"https:\/\/epochtimestr.com\/index.php\/giris-komunizmin-hayaleti-dunyamiza-nasil-hukmediyor\"><\/a>\r\n\t\t\t\t\t\t\t\t\t<\/div>\r\n\t\t\t<h3 class=\"title\">\t\t\t<a href=\"https:\/\/epochtimestr.com\/index.php\/giris-komunizmin-hayaleti-dunyamiza-nasil-hukmediyor\" class=\"post-url post-title\">\r\n\t\t\t\tGiri\u015f: Kom\u00fcnizmin Hayaleti D\u00fcnyam\u0131za Nas\u0131l H\u00fckmediyor?\t\t\t<\/a>\r\n\t\t\t<\/h3>\t\t<div class=\"post-meta\">\r\n\r\n\t\t\t\t\t\t\t<a href=\"https:\/\/epochtimestr.com\/index.php\/author\/epochtimes\"\r\n\t\t\t\t   title=\"Yazar\u0131n Makalelerine G\u00f6z At\"\r\n\t\t\t\t   class=\"post-author-a\">\r\n\t\t\t\t\t<i class=\"post-author author\">\r\n\t\t\t\t\t\tEpoch Times Yay\u0131n Kurulu\t\t\t\t\t<\/i>\r\n\t\t\t\t<\/a>\r\n\t\t\t\t\t\t\t<span class=\"time\"><time class=\"post-published updated\"\r\n\t\t\t\t                         datetime=\"2021-01-03T15:37:44+03:00\">Oca 3, 2021<\/time><\/span>\r\n\t\t\t\t\t\t<\/div>\r\n\t\t\t\t\t\t<div class=\"post-summary\">\r\n\t\t\t\t\tSovyetler Birli\u011fi ve Do\u011fu Avrupa'daki kom\u00fcnist rejimlerin \u00e7\u00f6k\u00fc\u015f\u00fc, Do\u011fu ve Bat\u0131'daki kapitalist ve kom\u00fcnist taraflar aras\u0131nda yar\u0131m y\u00fczy\u0131l s\u00fcren So\u011fuk Sava\u015f'\u0131n sona ermesi anlam\u0131na geliyordu. O zamanlar, kom\u00fcnizmin tarihe g\u00f6m\u00fcld\u00fc\u011f\u00fcne inanan&hellip;\t\t\t\t<\/div>\r\n\t\t\t\t\t\t<\/div>\r\n\t<\/article>\r\n\t<article class=\"post-132669 type-post format-standard has-post-thumbnail   listing-item listing-item-blog  listing-item-blog-1 main-term-8135 bsw-9 \">\r\n\t\t<div class=\"item-inner clearfix\">\r\n\t\t\t\t\t\t\t<div class=\"featured clearfix\">\r\n\t\t\t\t\t\t\t\t\t\t<a  title=\"Birinci B\u00f6l\u00fcm: Hayaletin \u0130nsanl\u0131\u011f\u0131 Yok Etme Stratejileri\" style=\"background-image: url(https:\/\/epochtimestr.com\/wp-content\/uploads\/2011y\/Kom\u00fcnizmin-Hayaleti-1-210x136.jpg);\" data-bsrjs=\"https:\/\/epochtimestr.com\/wp-content\/uploads\/2011y\/Kom\u00fcnizmin-Hayaleti-1-279x220.jpg\"\t\t\t\t\t\t\tclass=\"img-holder\" href=\"https:\/\/epochtimestr.com\/index.php\/birinci-bolum-hayaletin-insanligi-yok-etme-stratejileri\"><\/a>\r\n\t\t\t\t\t\t\t\t\t<\/div>\r\n\t\t\t<h3 class=\"title\">\t\t\t<a href=\"https:\/\/epochtimestr.com\/index.php\/birinci-bolum-hayaletin-insanligi-yok-etme-stratejileri\" class=\"post-url post-title\">\r\n\t\t\t\tBirinci B\u00f6l\u00fcm: Hayaletin \u0130nsanl\u0131\u011f\u0131 Yok Etme Stratejileri\t\t\t<\/a>\r\n\t\t\t<\/h3>\t\t<div class=\"post-meta\">\r\n\r\n\t\t\t\t\t\t\t<a href=\"https:\/\/epochtimestr.com\/index.php\/author\/epochtimes\"\r\n\t\t\t\t   title=\"Yazar\u0131n Makalelerine G\u00f6z At\"\r\n\t\t\t\t   class=\"post-author-a\">\r\n\t\t\t\t\t<i class=\"post-author author\">\r\n\t\t\t\t\t\tEpoch Times Yay\u0131n Kurulu\t\t\t\t\t<\/i>\r\n\t\t\t\t<\/a>\r\n\t\t\t\t\t\t\t<span class=\"time\"><time class=\"post-published updated\"\r\n\t\t\t\t                         datetime=\"2021-01-16T15:00:00+03:00\">Oca 16, 2021<\/time><\/span>\r\n\t\t\t\t\t\t<\/div>\r\n\t\t\t\t\t\t<div class=\"post-summary\">\r\n\t\t\t\t\tKom\u00fcnizm hayaleti, y\u00fczy\u0131llard\u0131r insanl\u0131\u011f\u0131 yozla\u015ft\u0131rmak ve yok etmek i\u00e7in u\u011fra\u015f\u0131yor. Bu durum, insan\u0131 manevi y\u00f6nden zay\u0131flat\u0131p ilahi k\u00f6kenlerinden ay\u0131rarak ba\u015flad\u0131. Hayalet buradan yola \u00e7\u0131karak, d\u00fcnya halklar\u0131n\u0131, Tanr\u0131'n\u0131n insano\u011flu i\u00e7in&hellip;\t\t\t\t<\/div>\r\n\t\t\t\t\t\t<\/div>\r\n\t<\/article>\r\n\t<article class=\"post-132990 type-post format-standard has-post-thumbnail   listing-item listing-item-blog  listing-item-blog-1 main-term-8135 bsw-9 \">\r\n\t\t<div class=\"item-inner clearfix\">\r\n\t\t\t\t\t\t\t<div class=\"featured clearfix\">\r\n\t\t\t\t\t\t\t\t\t\t<a  title=\"\u0130kinci B\u00f6l\u00fcm: Kom\u00fcnizmin Avrupa\u2019daki Ba\u015flang\u0131c\u0131\" style=\"background-image: url(https:\/\/epochtimestr.com\/wp-content\/uploads\/2011y\/IMG-7566-1-210x136.jpg);\" data-bsrjs=\"https:\/\/epochtimestr.com\/wp-content\/uploads\/2011y\/IMG-7566-1-279x220.jpg\"\t\t\t\t\t\t\tclass=\"img-holder\" href=\"https:\/\/epochtimestr.com\/index.php\/ikinci-bolum-komunizmin-avrupadaki-baslangici\"><\/a>\r\n\t\t\t\t\t\t\t\t\t<\/div>\r\n\t\t\t<h3 class=\"title\">\t\t\t<a href=\"https:\/\/epochtimestr.com\/index.php\/ikinci-bolum-komunizmin-avrupadaki-baslangici\" class=\"post-url post-title\">\r\n\t\t\t\t\u0130kinci B\u00f6l\u00fcm: Kom\u00fcnizmin Avrupa\u2019daki Ba\u015flang\u0131c\u0131\t\t\t<\/a>\r\n\t\t\t<\/h3>\t\t<div class=\"post-meta\">\r\n\r\n\t\t\t\t\t\t\t<a href=\"https:\/\/epochtimestr.com\/index.php\/author\/epochtimes\"\r\n\t\t\t\t   title=\"Yazar\u0131n Makalelerine G\u00f6z At\"\r\n\t\t\t\t   class=\"post-author-a\">\r\n\t\t\t\t\t<i class=\"post-author author\">\r\n\t\t\t\t\t\tEpoch Times Yay\u0131n Kurulu\t\t\t\t\t<\/i>\r\n\t\t\t\t<\/a>\r\n\t\t\t\t\t\t\t<span class=\"time\"><time class=\"post-published updated\"\r\n\t\t\t\t                         datetime=\"2021-01-24T14:00:00+03:00\">Oca 24, 2021<\/time><\/span>\r\n\t\t\t\t\t\t<\/div>\r\n\t\t\t\t\t\t<div class=\"post-summary\">\r\n\t\t\t\t\tOrtodoks dinlerde \u00f6nceden bildirilen kehanetlerin bir\u00e7o\u011fu, Nostradamus taraf\u0131ndan yap\u0131lan ve Peru'dan Kore'ye d\u00fcnyan\u0131n d\u00f6rt bir yan\u0131ndaki k\u00fclt\u00fcrlerde aktar\u0131lan kehanetlerde oldu\u011fu gibi ger\u00e7ekle\u015fmi\u015ftir. \u00c7in tarihinde, Han'dan Ming&hellip;\t\t\t\t<\/div>\r\n\t\t\t\t\t\t<\/div>\r\n\t<\/article>\r\n\t<\/div>\r\n\t\n\t<\/div><div class=\"bs-pagination bs-ajax-pagination more_btn_infinity main-term-8135 clearfix\">\r\n\t\t\t<script>var bs_ajax_paginate_710184088 = '{\"query\":{\"category\":\"8135\",\"tag\":\"\",\"taxonomy\":\"\",\"post_ids\":\"\",\"post_type\":\"\",\"count\":\"4\",\"order_by\":\"date\",\"order\":\"ASC\",\"time_filter\":\"\",\"offset\":\"\",\"style\":\"listing-blog-1\",\"show_excerpt\":\"1\",\"cats-tags-condition\":\"and\",\"cats-condition\":\"in\",\"tags-condition\":\"in\",\"featured_image\":\"0\",\"ignore_sticky_posts\":\"1\",\"author_ids\":\"\",\"disable_duplicate\":\"0\",\"ad-active\":\"0\",\"ad-after_each\":\"\",\"ad-type\":\"\",\"ad-banner\":\"none\",\"ad-campaign\":\"none\",\"ad-count\":\"\",\"ad-columns\":\"1\",\"ad-orderby\":\"date\",\"ad-order\":\"ASC\",\"ad-align\":\"left\",\"paginate\":\"more_btn_infinity\",\"pagination-show-label\":\"0\",\"columns\":\"1\",\"listing-settings\":\"\",\"override-listing-settings\":\"0\",\"_layout\":{\"state\":\"1|1|0\",\"page\":\"2-col-right\"}},\"type\":\"bs_post_listing\",\"view\":\"Publisher_Blog_Listing_1_Shortcode\",\"current_page\":1,\"ajax_url\":\"\\\/wp-admin\\\/admin-ajax.php\",\"remove_duplicates\":\"0\",\"query-main-term\":\"8135\",\"columns\":\"1\",\"show_excerpt\":\"1\",\"paginate\":\"more_btn_infinity\",\"pagination-show-label\":\"0\",\"ad-active\":\"0\",\"ad-after_each\":\"\",\"ad-type\":\"\",\"ad-banner\":\"none\",\"ad-campaign\":\"none\",\"ad-count\":\"\",\"ad-columns\":\"1\",\"ad-orderby\":\"date\",\"ad-order\":\"ASC\",\"ad-align\":\"left\",\"override-listing-settings\":\"0\",\"listing-settings\":\"\",\"_layout\":{\"state\":\"1|1|0\",\"page\":\"2-col-right\"},\"_bs_pagin_token\":\"6957041\"}';<\/script>\t\t\t\t<a  rel=\"next\" class=\"btn-bs-pagination\" data-id=\"710184088\"\r\n\t\t\t\t   title=\"Daha fazla y\u00fckle\">\r\n\t\t\t<span class=\"loading\" style=\"display: none;\">\r\n\t\t\t\t<i class=\"fa fa-refresh fa-spin fa-fw\"><\/i>\r\n\t\t\t<\/span>\r\n\t\t\t\t\t<span class=\"loading\" style=\"display: none;\">\r\n\t\t\t\tY\u00fckleniyor ...\t\t\t<\/span>\r\n\r\n\t\t\t\t\t<span class=\"loaded txt\">\r\n\t\t\t\tDaha fazla y\u00fckle\t\t\t<\/span>\r\n\r\n\t\t\t\t\t<span class=\"loaded icon\">\r\n\t\t\t\t<i class=\"fa fa-angle-down\" aria-hidden=\"true\"><\/i>\r\n\t\t\t<\/span>\r\n\r\n\t\t\t\t\t<span class=\"no-more\" style=\"display: none;\">\r\n\t\t\t\tDaha Fazlas\u0131n\u0131 Bul \r\n\t\t\t<\/span>\r\n\r\n\t\t\t\t<\/a>\r\n\r\n\t\t\t\t<\/div><\/div>[\/vc_column][\/vc_row]<\/p>\n","protected":false},"excerpt":{"rendered":"<p>[vc_row][vc_column][vc_single_image image=&#8221;135303&#8243; img_size=&#8221;732&#215;439&#8243; alignment=&#8221;center&#8221;][\/vc_column][\/vc_row][vc_row full_width=&#8221;stretch_row_content&#8221; full_height=&#8221;yes&#8221;][vc_column][\/vc_column][\/vc_row]<\/p>\n","protected":false},"author":22,"featured_media":0,"parent":0,"menu_order":0,"comment_status":"closed","ping_status":"closed","template":"","meta":{"_bbp_topic_count":0,"_bbp_reply_count":0,"_bbp_total_topic_count":0,"_bbp_total_reply_count":0,"_bbp_voice_count":0,"_bbp_anonymous_reply_count":0,"_bbp_topic_count_hidden":0,"_bbp_reply_count_hidden":0,"_bbp_forum_subforum_count":0,"footnotes":""},"yoast_head":"<!-- This site is optimized with the Yoast SEO plugin v23.0 - https:\/\/yoast.com\/wordpress\/plugins\/seo\/ -->\n<title>\u00d6zel Seri: Kom\u00fcnizmin Hayaleti D\u00fcnyam\u0131za Nas\u0131l H\u00fckmediyor - The Epoch Times TR<\/title>\n<meta name=\"robots\" content=\"index, follow, max-snippet:-1, max-image-preview:large, max-video-preview:-1\" \/>\n<link rel=\"canonical\" href=\"https:\/\/epochtimestr.com\/index.php\/ozel-seri-komunizm-hayaleti-dunyamizi-nasil-yonetiyor\" \/>\n<meta property=\"og:locale\" content=\"tr_TR\" \/>\n<meta property=\"og:type\" content=\"article\" \/>\n<meta property=\"og:title\" content=\"\u00d6zel Seri: Kom\u00fcnizmin Hayaleti D\u00fcnyam\u0131za Nas\u0131l H\u00fckmediyor - The Epoch Times TR\" \/>\n<meta property=\"og:description\" content=\"[vc_row][vc_column][vc_single_image image=&#8221;135303&#8243; img_size=&#8221;732&#215;439&#8243; alignment=&#8221;center&#8221;][\/vc_column][\/vc_row][vc_row full_width=&#8221;stretch_row_content&#8221; full_height=&#8221;yes&#8221;][vc_column][\/vc_column][\/vc_row]\" \/>\n<meta property=\"og:url\" content=\"https:\/\/epochtimestr.com\/index.php\/ozel-seri-komunizm-hayaleti-dunyamizi-nasil-yonetiyor\" \/>\n<meta property=\"og:site_name\" content=\"The Epoch Times TR\" \/>\n<meta property=\"article:publisher\" content=\"https:\/\/www.facebook.com\/theepochtimestr\" \/>\n<meta property=\"article:modified_time\" content=\"2023-08-06T13:41:09+00:00\" \/>\n<meta name=\"twitter:card\" content=\"summary_large_image\" \/>\n<meta name=\"twitter:site\" content=\"@TheEpochTimesTR\" \/>\n<meta name=\"twitter:label1\" content=\"Tahmini okuma s\u00fcresi\" \/>\n\t<meta name=\"twitter:data1\" content=\"1 dakika\" \/>\n<script type=\"application\/ld+json\" class=\"yoast-schema-graph\">{\"@context\":\"https:\/\/schema.org\",\"@graph\":[{\"@type\":\"WebPage\",\"@id\":\"https:\/\/epochtimestr.com\/index.php\/ozel-seri-komunizm-hayaleti-dunyamizi-nasil-yonetiyor\",\"url\":\"https:\/\/epochtimestr.com\/index.php\/ozel-seri-komunizm-hayaleti-dunyamizi-nasil-yonetiyor\",\"name\":\"\u00d6zel Seri: Kom\u00fcnizmin Hayaleti D\u00fcnyam\u0131za Nas\u0131l H\u00fckmediyor - The Epoch Times TR\",\"isPartOf\":{\"@id\":\"https:\/\/epochtimestr.com\/#website\"},\"datePublished\":\"2021-06-02T19:31:24+00:00\",\"dateModified\":\"2023-08-06T13:41:09+00:00\",\"inLanguage\":\"tr\",\"potentialAction\":[{\"@type\":\"ReadAction\",\"target\":[\"https:\/\/epochtimestr.com\/index.php\/ozel-seri-komunizm-hayaleti-dunyamizi-nasil-yonetiyor\"]}]},{\"@type\":\"WebSite\",\"@id\":\"https:\/\/epochtimestr.com\/#website\",\"url\":\"https:\/\/epochtimestr.com\/\",\"name\":\"The Epoch Times TR\",\"description\":\"De\u011fi\u015fen D\u00fcnyam\u0131za Taze Bir Bak\u0131\u015f\",\"publisher\":{\"@id\":\"https:\/\/epochtimestr.com\/#organization\"},\"potentialAction\":[{\"@type\":\"SearchAction\",\"target\":{\"@type\":\"EntryPoint\",\"urlTemplate\":\"https:\/\/epochtimestr.com\/?s={search_term_string}\"},\"query-input\":\"required name=search_term_string\"}],\"inLanguage\":\"tr\"},{\"@type\":\"Organization\",\"@id\":\"https:\/\/epochtimestr.com\/#organization\",\"name\":\"The EpochTimes T\u00fcrkiye\",\"url\":\"https:\/\/epochtimestr.com\/\",\"logo\":{\"@type\":\"ImageObject\",\"inLanguage\":\"tr\",\"@id\":\"https:\/\/epochtimestr.com\/#\/schema\/logo\/image\/\",\"url\":\"https:\/\/epochtimestr.com\/wp-content\/uploads\/2011y\/ET-Logo-YG.jpg\",\"contentUrl\":\"https:\/\/epochtimestr.com\/wp-content\/uploads\/2011y\/ET-Logo-YG.jpg\",\"width\":346,\"height\":29,\"caption\":\"The EpochTimes T\u00fcrkiye\"},\"image\":{\"@id\":\"https:\/\/epochtimestr.com\/#\/schema\/logo\/image\/\"},\"sameAs\":[\"https:\/\/www.facebook.com\/theepochtimestr\",\"https:\/\/x.com\/TheEpochTimesTR\",\"https:\/\/www.instagram.com\/epochtimestr\"]}]}<\/script>\n<!-- \/ Yoast SEO plugin. -->","yoast_head_json":{"title":"\u00d6zel Seri: Kom\u00fcnizmin Hayaleti D\u00fcnyam\u0131za Nas\u0131l H\u00fckmediyor - The Epoch Times TR","robots":{"index":"index","follow":"follow","max-snippet":"max-snippet:-1","max-image-preview":"max-image-preview:large","max-video-preview":"max-video-preview:-1"},"canonical":"https:\/\/epochtimestr.com\/index.php\/ozel-seri-komunizm-hayaleti-dunyamizi-nasil-yonetiyor","og_locale":"tr_TR","og_type":"article","og_title":"\u00d6zel Seri: Kom\u00fcnizmin Hayaleti D\u00fcnyam\u0131za Nas\u0131l H\u00fckmediyor - The Epoch Times TR","og_description":"[vc_row][vc_column][vc_single_image image=&#8221;135303&#8243; img_size=&#8221;732&#215;439&#8243; alignment=&#8221;center&#8221;][\/vc_column][\/vc_row][vc_row full_width=&#8221;stretch_row_content&#8221; full_height=&#8221;yes&#8221;][vc_column][\/vc_column][\/vc_row]","og_url":"https:\/\/epochtimestr.com\/index.php\/ozel-seri-komunizm-hayaleti-dunyamizi-nasil-yonetiyor","og_site_name":"The Epoch Times TR","article_publisher":"https:\/\/www.facebook.com\/theepochtimestr","article_modified_time":"2023-08-06T13:41:09+00:00","twitter_card":"summary_large_image","twitter_site":"@TheEpochTimesTR","twitter_misc":{"Tahmini okuma s\u00fcresi":"1 dakika"},"schema":{"@context":"https:\/\/schema.org","@graph":[{"@type":"WebPage","@id":"https:\/\/epochtimestr.com\/index.php\/ozel-seri-komunizm-hayaleti-dunyamizi-nasil-yonetiyor","url":"https:\/\/epochtimestr.com\/index.php\/ozel-seri-komunizm-hayaleti-dunyamizi-nasil-yonetiyor","name":"\u00d6zel Seri: Kom\u00fcnizmin Hayaleti D\u00fcnyam\u0131za Nas\u0131l H\u00fckmediyor - The Epoch Times TR","isPartOf":{"@id":"https:\/\/epochtimestr.com\/#website"},"datePublished":"2021-06-02T19:31:24+00:00","dateModified":"2023-08-06T13:41:09+00:00","inLanguage":"tr","potentialAction":[{"@type":"ReadAction","target":["https:\/\/epochtimestr.com\/index.php\/ozel-seri-komunizm-hayaleti-dunyamizi-nasil-yonetiyor"]}]},{"@type":"WebSite","@id":"https:\/\/epochtimestr.com\/#website","url":"https:\/\/epochtimestr.com\/","name":"The Epoch Times TR","description":"De\u011fi\u015fen D\u00fcnyam\u0131za Taze Bir Bak\u0131\u015f","publisher":{"@id":"https:\/\/epochtimestr.com\/#organization"},"potentialAction":[{"@type":"SearchAction","target":{"@type":"EntryPoint","urlTemplate":"https:\/\/epochtimestr.com\/?s={search_term_string}"},"query-input":"required name=search_term_string"}],"inLanguage":"tr"},{"@type":"Organization","@id":"https:\/\/epochtimestr.com\/#organization","name":"The EpochTimes T\u00fcrkiye","url":"https:\/\/epochtimestr.com\/","logo":{"@type":"ImageObject","inLanguage":"tr","@id":"https:\/\/epochtimestr.com\/#\/schema\/logo\/image\/","url":"https:\/\/epochtimestr.com\/wp-content\/uploads\/2011y\/ET-Logo-YG.jpg","contentUrl":"https:\/\/epochtimestr.com\/wp-content\/uploads\/2011y\/ET-Logo-YG.jpg","width":346,"height":29,"caption":"The EpochTimes T\u00fcrkiye"},"image":{"@id":"https:\/\/epochtimestr.com\/#\/schema\/logo\/image\/"},"sameAs":["https:\/\/www.facebook.com\/theepochtimestr","https:\/\/x.com\/TheEpochTimesTR","https:\/\/www.instagram.com\/epochtimestr"]}]}},"_links":{"self":[{"href":"https:\/\/epochtimestr.com\/index.php\/wp-json\/wp\/v2\/pages\/135109"}],"collection":[{"href":"https:\/\/epochtimestr.com\/index.php\/wp-json\/wp\/v2\/pages"}],"about":[{"href":"https:\/\/epochtimestr.com\/index.php\/wp-json\/wp\/v2\/types\/page"}],"author":[{"embeddable":true,"href":"https:\/\/epochtimestr.com\/index.php\/wp-json\/wp\/v2\/users\/22"}],"replies":[{"embeddable":true,"href":"https:\/\/epochtimestr.com\/index.php\/wp-json\/wp\/v2\/comments?post=135109"}],"version-history":[{"count":42,"href":"https:\/\/epochtimestr.com\/index.php\/wp-json\/wp\/v2\/pages\/135109\/revisions"}],"predecessor-version":[{"id":146765,"href":"https:\/\/epochtimestr.com\/index.php\/wp-json\/wp\/v2\/pages\/135109\/revisions\/146765"}],"wp:attachment":[{"href":"https:\/\/epochtimestr.com\/index.php\/wp-json\/wp\/v2\/media?parent=135109"}],"curies":[{"name":"wp","href":"https:\/\/api.w.org\/{rel}","templated":true}]}}