{"id":135123,"date":"2021-06-02T22:59:15","date_gmt":"2021-06-02T19:59:15","guid":{"rendered":"https:\/\/epochtimestr.com\/?page_id=135123"},"modified":"2021-06-13T22:24:14","modified_gmt":"2021-06-13T19:24:14","slug":"ozel-seri-komunist-parti-uzerine-dokuz-yorum","status":"publish","type":"page","link":"https:\/\/epochtimestr.com\/index.php\/ozel-seri-komunist-parti-uzerine-dokuz-yorum","title":{"rendered":"\u00d6zel Seri: Kom\u00fcnist Parti \u00dczerine Dokuz Yorum"},"content":{"rendered":"<p>[vc_row][vc_column][vc_single_image image=&#8221;135415&#8243; img_size=&#8221;full&#8221; alignment=&#8221;center&#8221;][\/vc_column][\/vc_row][vc_row][vc_column]\t<div\r\n\t\t\t\t\tclass=\"bs-shortcode bs-text \">\r\n\t\t\t\t<div class=\"bs-text-content\">\r\n\t\t\t<p>Epoch Times&#8217;\u0131n &#8220;Kom\u00fcnist Parti \u00dczerine Dokuz Yorum&#8221; kitab\u0131n\u0131n kapa\u011f\u0131. Kitap, \u00c7in&#8217;de &#8220;Tuidang&#8221; (Partiden Ayr\u0131l) hareketini ba\u015flatt\u0131. (Epoch Times)<\/p>\n\t\t<\/div>\r\n\t<\/div><!-- .bs-text -->\r\n<div class=\" bs-listing bs-listing-listing-blog-1 bs-listing-single-tab pagination-animate\">\t\t<h3 class=\"section-heading sh-t3 sh-s4 main-term-8136\">\r\n\r\n\t\t\r\n\t\t\t\t\t\t\t<a href=\"https:\/\/epochtimestr.com\/index.php\/category\/komunist-parti-uzerine-dokuz-yorum\" class=\"main-link\">\r\n\t\t\t\t\t\t\t<span class=\"h-text main-term-8136\">\r\n\t\t\t\t\t\t\t\tKom\u00fcnist Parti \u00dczerine Dokuz Yorum\t\t\t\t\t\t\t<\/span>\r\n\t\t\t\t<\/a>\r\n\t\t\t\r\n\t\t\r\n\t\t<\/h3>\r\n\t\t\t\t<div class=\"bs-pagination-wrapper main-term-8136 more_btn_infinity bs-slider-first-item\">\r\n\t\t\t<div class=\"listing listing-blog listing-blog-1 clearfix columns-1 columns-1\">\r\n\t\t<article class=\"post-140972 type-post format-standard has-post-thumbnail   listing-item listing-item-blog  listing-item-blog-1 main-term-8136 bsw-9 \">\r\n\t\t<div class=\"item-inner clearfix\">\r\n\t\t\t\t\t\t\t<div class=\"featured clearfix\">\r\n\t\t\t\t\t\t\t\t\t\t<a  title=\"Yorum 4: Kom\u00fcnist Partinin Nas\u0131l Bir Anti-Evrensel G\u00fc\u00e7 Oldu\u011funa Dair\" style=\"background-image: url(https:\/\/epochtimestr.com\/wp-content\/uploads\/2011y\/Communist-Red-Guard-poster-676x420-1-210x136.png);\" data-bsrjs=\"https:\/\/epochtimestr.com\/wp-content\/uploads\/2011y\/Communist-Red-Guard-poster-676x420-1-279x220.png\"\t\t\t\t\t\t\tclass=\"img-holder\" href=\"https:\/\/epochtimestr.com\/index.php\/yorum-4-komunist-partinin-nasil-bir-anti-evrensel-guc-olduguna-dair\"><\/a>\r\n\t\t\t\t\t\t\t\t\t<\/div>\r\n\t\t\t<h3 class=\"title\">\t\t\t<a href=\"https:\/\/epochtimestr.com\/index.php\/yorum-4-komunist-partinin-nasil-bir-anti-evrensel-guc-olduguna-dair\" class=\"post-url post-title\">\r\n\t\t\t\tYorum 4: Kom\u00fcnist Partinin Nas\u0131l Bir Anti-Evrensel G\u00fc\u00e7 Oldu\u011funa&hellip;\t\t\t<\/a>\r\n\t\t\t<\/h3>\t\t<div class=\"post-meta\">\r\n\r\n\t\t\t\t\t\t\t<a href=\"https:\/\/epochtimestr.com\/index.php\/author\/epochtimes\"\r\n\t\t\t\t   title=\"Yazar\u0131n Makalelerine G\u00f6z At\"\r\n\t\t\t\t   class=\"post-author-a\">\r\n\t\t\t\t\t<i class=\"post-author author\">\r\n\t\t\t\t\t\tEpoch Times Yay\u0131n Kurulu\t\t\t\t\t<\/i>\r\n\t\t\t\t<\/a>\r\n\t\t\t\t\t\t\t<span class=\"time\"><time class=\"post-published updated\"\r\n\t\t\t\t                         datetime=\"2022-10-19T11:32:50+03:00\">Eki 19, 2022<\/time><\/span>\r\n\t\t\t\t\t\t<\/div>\r\n\t\t\t\t\t\t<div class=\"post-summary\">\r\n\t\t\t\t\t<!-- wp:image {\"align\":\"center\",\"id\":140973,\"sizeSlug\":\"large\",\"linkDestination\":\"none\"} -->\n\u00c7ince kal\u0131n sans-serif basitle\u015ftirilmi\u015f karakterler ile s\u00fcslenmi\u015f, bunun gibi posterler \u00c7in'deki kom\u00fcnist siyasi hareketler s\u0131ras\u0131nda yayg\u0131nd\u0131. (Wikipedia Commons)\n<!-- \/wp:image -->\n\n<!-- wp:paragraph -->Kom\u00fcnist Parti \u00dczerine Dokuz Yorum ilk olarak 2004 y\u0131l\u0131n\u0131n Kas\u0131m ay\u0131nda<\/!--><\/!--><\/!-->&hellip;\t\t\t\t<\/div>\r\n\t\t\t\t\t\t<\/div>\r\n\t<\/article>\r\n\t<article class=\"post-140287 type-post format-standard has-post-thumbnail   listing-item listing-item-blog  listing-item-blog-1 main-term-8136 bsw-9 \">\r\n\t\t<div class=\"item-inner clearfix\">\r\n\t\t\t\t\t\t\t<div class=\"featured clearfix\">\r\n\t\t\t\t\t\t\t\t\t\t<a  title=\"Kom\u00fcnist Partisi \u00dczerine Dokuz Yorum &#8211; 3. B\u00f6l\u00fcm\" style=\"background-image: url(https:\/\/epochtimestr.com\/wp-content\/uploads\/2011y\/9com_3rd-674x420-1-210x136.jpg);\" data-bsrjs=\"https:\/\/epochtimestr.com\/wp-content\/uploads\/2011y\/9com_3rd-674x420-1-279x220.jpg\"\t\t\t\t\t\t\tclass=\"img-holder\" href=\"https:\/\/epochtimestr.com\/index.php\/bolum-3-cin-komunist-partisinin-zalimce-yonetimine-dair\"><\/a>\r\n\t\t\t\t\t\t\t\t\t<\/div>\r\n\t\t\t<h3 class=\"title\">\t\t\t<a href=\"https:\/\/epochtimestr.com\/index.php\/bolum-3-cin-komunist-partisinin-zalimce-yonetimine-dair\" class=\"post-url post-title\">\r\n\t\t\t\tKom\u00fcnist Partisi \u00dczerine Dokuz Yorum &#8211; 3. B\u00f6l\u00fcm\t\t\t<\/a>\r\n\t\t\t<\/h3>\t\t<div class=\"post-meta\">\r\n\r\n\t\t\t\t\t\t\t<a href=\"https:\/\/epochtimestr.com\/index.php\/author\/epochtimes\"\r\n\t\t\t\t   title=\"Yazar\u0131n Makalelerine G\u00f6z At\"\r\n\t\t\t\t   class=\"post-author-a\">\r\n\t\t\t\t\t<i class=\"post-author author\">\r\n\t\t\t\t\t\tEpoch Times Yay\u0131n Kurulu\t\t\t\t\t<\/i>\r\n\t\t\t\t<\/a>\r\n\t\t\t\t\t\t\t<span class=\"time\"><time class=\"post-published updated\"\r\n\t\t\t\t                         datetime=\"2022-08-15T22:15:08+03:00\">A\u011fu 15, 2022<\/time><\/span>\r\n\t\t\t\t\t\t<\/div>\r\n\t\t\t\t\t\t<div class=\"post-summary\">\r\n\t\t\t\t\t<!-- wp:image {\"align\":\"center\",\"id\":140288,\"sizeSlug\":\"large\",\"linkDestination\":\"none\"} -->\n(Foto\u011fraf: Epoch Times ve Wikimedia Commons)\n<!-- \/wp:image -->\n\n<!-- wp:paragraph -->\nGiri\u015f\n<!-- \/wp:paragraph -->\n\n<!-- wp:paragraph -->Zalimlik ve zul\u00fcmden bahsedildi\u011finde \u00c7inlilerin \u00e7o\u011funun akl\u0131na ilk olarak felsefe kitaplar\u0131n\u0131 yakan ve Konf\u00fc\u00e7y\u00fcs\u00e7\u00fc bilim adamlar\u0131n\u0131 canl\u0131 canl\u0131 yakan Qin Hanedanl\u0131\u011f\u0131n\u0131n ilk<\/!--><\/!--><\/!--><\/!--><\/!-->&hellip;\t\t\t\t<\/div>\r\n\t\t\t\t\t\t<\/div>\r\n\t<\/article>\r\n\t<article class=\"post-140171 type-post format-standard has-post-thumbnail   listing-item listing-item-blog  listing-item-blog-1 main-term-519 bsw-9 \">\r\n\t\t<div class=\"item-inner clearfix\">\r\n\t\t\t\t\t\t\t<div class=\"featured clearfix\">\r\n\t\t\t\t\t\t\t\t\t\t<a  title=\"Kom\u00fcnist Parti \u00dczerine Dokuz Yorum \u2013 2. B\u00f6l\u00fcm\" style=\"background-image: url(https:\/\/epochtimestr.com\/wp-content\/uploads\/2011y\/Adsiz-tasarim-210x136.jpg);\" data-bsrjs=\"https:\/\/epochtimestr.com\/wp-content\/uploads\/2011y\/Adsiz-tasarim-279x220.jpg\"\t\t\t\t\t\t\tclass=\"img-holder\" href=\"https:\/\/epochtimestr.com\/index.php\/komunist-parti-uzerine-dokuz-yorum-2-bolum\"><\/a>\r\n\t\t\t\t\t\t\t\t\t<\/div>\r\n\t\t\t<h3 class=\"title\">\t\t\t<a href=\"https:\/\/epochtimestr.com\/index.php\/komunist-parti-uzerine-dokuz-yorum-2-bolum\" class=\"post-url post-title\">\r\n\t\t\t\tKom\u00fcnist Parti \u00dczerine Dokuz Yorum \u2013 2. B\u00f6l\u00fcm\t\t\t<\/a>\r\n\t\t\t<\/h3>\t\t<div class=\"post-meta\">\r\n\r\n\t\t\t\t\t\t\t<a href=\"https:\/\/epochtimestr.com\/index.php\/author\/epochtimes\"\r\n\t\t\t\t   title=\"Yazar\u0131n Makalelerine G\u00f6z At\"\r\n\t\t\t\t   class=\"post-author-a\">\r\n\t\t\t\t\t<i class=\"post-author author\">\r\n\t\t\t\t\t\tEpoch Times Yay\u0131n Kurulu\t\t\t\t\t<\/i>\r\n\t\t\t\t<\/a>\r\n\t\t\t\t\t\t\t<span class=\"time\"><time class=\"post-published updated\"\r\n\t\t\t\t                         datetime=\"2022-08-07T12:26:18+03:00\">A\u011fu 7, 2022<\/time><\/span>\r\n\t\t\t\t\t\t<\/div>\r\n\t\t\t\t\t\t<div class=\"post-summary\">\r\n\t\t\t\t\t<!-- wp:image {\"align\":\"center\",\"id\":140185,\"width\":650,\"height\":520,\"sizeSlug\":\"large\",\"linkDestination\":\"none\"} -->Sol \u00dcst Chnag Kai-Shek and Mao Zedung in 1945 (Foto\u011fraf: Wikipedi), Sa\u011f \u00dcst: \u00c7in Halk Kurtulu\u015f Ordusu birlikleri \u00c7in \u0130\u00e7 Sava\u015f\u0131 S\u0131ras\u0131nda 1949 y\u0131l\u0131nda Pakin'e girerken  (Foto\u011fraf: Wikipedi), Alt resim: Mao Zedong, Sovyetler<\/!-->&hellip;\t\t\t\t<\/div>\r\n\t\t\t\t\t\t<\/div>\r\n\t<\/article>\r\n\t<article class=\"post-131893 type-post format-standard has-post-thumbnail   listing-item listing-item-blog  listing-item-blog-1 main-term-519 bsw-9 \">\r\n\t\t<div class=\"item-inner clearfix\">\r\n\t\t\t\t\t\t\t<div class=\"featured clearfix\">\r\n\t\t\t\t\t\t\t\t\t\t<a  title=\"Kom\u00fcnist Parti \u00dczerine Dokuz Yorum \u2013 1. B\u00f6l\u00fcm\" style=\"background-image: url(https:\/\/epochtimestr.com\/wp-content\/uploads\/2011y\/el-pixabay-210x136.jpg);\" data-bsrjs=\"https:\/\/epochtimestr.com\/wp-content\/uploads\/2011y\/el-pixabay-279x220.jpg\"\t\t\t\t\t\t\tclass=\"img-holder\" href=\"https:\/\/epochtimestr.com\/index.php\/komunist-parti-uzerine-dokuz-yorum-1-bolum\"><\/a>\r\n\t\t\t\t\t\t\t\t\t<\/div>\r\n\t\t\t<h3 class=\"title\">\t\t\t<a href=\"https:\/\/epochtimestr.com\/index.php\/komunist-parti-uzerine-dokuz-yorum-1-bolum\" class=\"post-url post-title\">\r\n\t\t\t\tKom\u00fcnist Parti \u00dczerine Dokuz Yorum \u2013 1. B\u00f6l\u00fcm\t\t\t<\/a>\r\n\t\t\t<\/h3>\t\t<div class=\"post-meta\">\r\n\r\n\t\t\t\t\t\t\t<a href=\"https:\/\/epochtimestr.com\/index.php\/author\/epochtimes\"\r\n\t\t\t\t   title=\"Yazar\u0131n Makalelerine G\u00f6z At\"\r\n\t\t\t\t   class=\"post-author-a\">\r\n\t\t\t\t\t<i class=\"post-author author\">\r\n\t\t\t\t\t\tEpoch Times Yay\u0131n Kurulu\t\t\t\t\t<\/i>\r\n\t\t\t\t<\/a>\r\n\t\t\t\t\t\t\t<span class=\"time\"><time class=\"post-published updated\"\r\n\t\t\t\t                         datetime=\"2020-12-30T11:00:00+03:00\">Ara 30, 2020<\/time><\/span>\r\n\t\t\t\t\t\t<\/div>\r\n\t\t\t\t\t\t<div class=\"post-summary\">\r\n\t\t\t\t\t<!-- wp:image {\"align\":\"center\",\"id\":131902,\"sizeSlug\":\"large\"} -->\n\n<!-- \/wp:image -->\n\n<!-- wp:paragraph -->\"Kom\u00fcnist Parti \u00dczerine Dokuz Yorum\" ilk olarak 2004 y\u0131l\u0131n\u0131n Kas\u0131m ay\u0131nda yay\u0131nland\u0131 ve ard\u0131ndan h\u0131zl\u0131 bir \u015fekilde \u0130ngilizce \u00e7evirisi yap\u0131ld\u0131. Yay\u0131nlanan yaz\u0131 dizisi, 15 y\u0131l i\u00e7inde \u00c7in'de d\u00f6n\u00fc\u015f\u00fcm ve de\u011fi\u015fim i\u00e7in g\u00f6r\u00fclmemi\u015f bir bar\u0131\u015f\u00e7\u0131l<\/!--><\/!--><\/!-->&hellip;\t\t\t\t<\/div>\r\n\t\t\t\t\t\t<\/div>\r\n\t<\/article>\r\n\t<\/div>\r\n\t\n\t<\/div><div class=\"bs-pagination bs-ajax-pagination more_btn_infinity main-term-8136 clearfix\">\r\n\t\t\t<script>var bs_ajax_paginate_1210326749 = '{\"query\":{\"category\":\"8136\",\"tag\":\"\",\"taxonomy\":\"\",\"post_ids\":\"\",\"post_type\":\"\",\"count\":\"4\",\"order_by\":\"date\",\"order\":\"DESC\",\"time_filter\":\"\",\"offset\":\"\",\"style\":\"listing-blog-1\",\"show_excerpt\":\"1\",\"cats-tags-condition\":\"and\",\"cats-condition\":\"in\",\"tags-condition\":\"in\",\"featured_image\":\"0\",\"ignore_sticky_posts\":\"1\",\"author_ids\":\"\",\"disable_duplicate\":\"0\",\"ad-active\":\"0\",\"ad-after_each\":\"\",\"ad-type\":\"\",\"ad-banner\":\"none\",\"ad-campaign\":\"none\",\"ad-count\":\"\",\"ad-columns\":\"1\",\"ad-orderby\":\"date\",\"ad-order\":\"ASC\",\"ad-align\":\"left\",\"paginate\":\"more_btn_infinity\",\"pagination-show-label\":\"0\",\"columns\":\"1\",\"listing-settings\":\"\",\"override-listing-settings\":\"0\",\"_layout\":{\"state\":\"1|1|0\",\"page\":\"2-col-right\"}},\"type\":\"bs_post_listing\",\"view\":\"Publisher_Blog_Listing_1_Shortcode\",\"current_page\":1,\"ajax_url\":\"\\\/wp-admin\\\/admin-ajax.php\",\"remove_duplicates\":\"0\",\"query-main-term\":\"8136\",\"columns\":\"1\",\"show_excerpt\":\"1\",\"paginate\":\"more_btn_infinity\",\"pagination-show-label\":\"0\",\"ad-active\":\"0\",\"ad-after_each\":\"\",\"ad-type\":\"\",\"ad-banner\":\"none\",\"ad-campaign\":\"none\",\"ad-count\":\"\",\"ad-columns\":\"1\",\"ad-orderby\":\"date\",\"ad-order\":\"ASC\",\"ad-align\":\"left\",\"override-listing-settings\":\"0\",\"listing-settings\":\"\",\"_layout\":{\"state\":\"1|1|0\",\"page\":\"2-col-right\"},\"_bs_pagin_token\":\"fab5bec\"}';<\/script>\t\t\t\t<a  rel=\"next\" class=\"btn-bs-pagination\" data-id=\"1210326749\"\r\n\t\t\t\t   title=\"Daha fazla y\u00fckle\">\r\n\t\t\t<span class=\"loading\" style=\"display: none;\">\r\n\t\t\t\t<i class=\"fa fa-refresh fa-spin fa-fw\"><\/i>\r\n\t\t\t<\/span>\r\n\t\t\t\t\t<span class=\"loading\" style=\"display: none;\">\r\n\t\t\t\tY\u00fckleniyor ...\t\t\t<\/span>\r\n\r\n\t\t\t\t\t<span class=\"loaded txt\">\r\n\t\t\t\tDaha fazla y\u00fckle\t\t\t<\/span>\r\n\r\n\t\t\t\t\t<span class=\"loaded icon\">\r\n\t\t\t\t<i class=\"fa fa-angle-down\" aria-hidden=\"true\"><\/i>\r\n\t\t\t<\/span>\r\n\r\n\t\t\t\t\t<span class=\"no-more\" style=\"display: none;\">\r\n\t\t\t\tDaha Fazlas\u0131n\u0131 Bul \r\n\t\t\t<\/span>\r\n\r\n\t\t\t\t<\/a>\r\n\r\n\t\t\t\t<\/div><\/div>[\/vc_column][\/vc_row]<\/p>\n","protected":false},"excerpt":{"rendered":"<p>[vc_row][vc_column][vc_single_image image=&#8221;135415&#8243; img_size=&#8221;full&#8221; alignment=&#8221;center&#8221;][\/vc_column][\/vc_row][vc_row][vc_column][\/vc_column][\/vc_row]<\/p>\n","protected":false},"author":22,"featured_media":0,"parent":0,"menu_order":0,"comment_status":"closed","ping_status":"closed","template":"","meta":{"_bbp_topic_count":0,"_bbp_reply_count":0,"_bbp_total_topic_count":0,"_bbp_total_reply_count":0,"_bbp_voice_count":0,"_bbp_anonymous_reply_count":0,"_bbp_topic_count_hidden":0,"_bbp_reply_count_hidden":0,"_bbp_forum_subforum_count":0,"footnotes":""},"yoast_head":"<!-- This site is optimized with the Yoast SEO plugin v23.0 - https:\/\/yoast.com\/wordpress\/plugins\/seo\/ -->\n<title>\u00d6zel Seri: Kom\u00fcnist Parti \u00dczerine Dokuz Yorum - The Epoch Times TR<\/title>\n<meta name=\"robots\" content=\"index, follow, max-snippet:-1, max-image-preview:large, max-video-preview:-1\" \/>\n<link rel=\"canonical\" href=\"https:\/\/epochtimestr.com\/index.php\/ozel-seri-komunist-parti-uzerine-dokuz-yorum\" \/>\n<meta property=\"og:locale\" content=\"tr_TR\" \/>\n<meta property=\"og:type\" content=\"article\" \/>\n<meta property=\"og:title\" content=\"\u00d6zel Seri: Kom\u00fcnist Parti \u00dczerine Dokuz Yorum - The Epoch Times TR\" \/>\n<meta property=\"og:description\" content=\"[vc_row][vc_column][vc_single_image image=&#8221;135415&#8243; img_size=&#8221;full&#8221; alignment=&#8221;center&#8221;][\/vc_column][\/vc_row][vc_row][vc_column][\/vc_column][\/vc_row]\" \/>\n<meta property=\"og:url\" content=\"https:\/\/epochtimestr.com\/index.php\/ozel-seri-komunist-parti-uzerine-dokuz-yorum\" \/>\n<meta property=\"og:site_name\" content=\"The Epoch Times TR\" \/>\n<meta property=\"article:publisher\" content=\"https:\/\/www.facebook.com\/theepochtimestr\" \/>\n<meta property=\"article:modified_time\" content=\"2021-06-13T19:24:14+00:00\" \/>\n<meta name=\"twitter:card\" content=\"summary_large_image\" \/>\n<meta name=\"twitter:site\" content=\"@TheEpochTimesTR\" \/>\n<meta name=\"twitter:label1\" content=\"Tahmini okuma s\u00fcresi\" \/>\n\t<meta name=\"twitter:data1\" content=\"1 dakika\" \/>\n<script type=\"application\/ld+json\" class=\"yoast-schema-graph\">{\"@context\":\"https:\/\/schema.org\",\"@graph\":[{\"@type\":\"WebPage\",\"@id\":\"https:\/\/epochtimestr.com\/index.php\/ozel-seri-komunist-parti-uzerine-dokuz-yorum\",\"url\":\"https:\/\/epochtimestr.com\/index.php\/ozel-seri-komunist-parti-uzerine-dokuz-yorum\",\"name\":\"\u00d6zel Seri: Kom\u00fcnist Parti \u00dczerine Dokuz Yorum - The Epoch Times TR\",\"isPartOf\":{\"@id\":\"https:\/\/epochtimestr.com\/#website\"},\"datePublished\":\"2021-06-02T19:59:15+00:00\",\"dateModified\":\"2021-06-13T19:24:14+00:00\",\"inLanguage\":\"tr\",\"potentialAction\":[{\"@type\":\"ReadAction\",\"target\":[\"https:\/\/epochtimestr.com\/index.php\/ozel-seri-komunist-parti-uzerine-dokuz-yorum\"]}]},{\"@type\":\"WebSite\",\"@id\":\"https:\/\/epochtimestr.com\/#website\",\"url\":\"https:\/\/epochtimestr.com\/\",\"name\":\"The Epoch Times TR\",\"description\":\"De\u011fi\u015fen D\u00fcnyam\u0131za Taze Bir Bak\u0131\u015f\",\"publisher\":{\"@id\":\"https:\/\/epochtimestr.com\/#organization\"},\"potentialAction\":[{\"@type\":\"SearchAction\",\"target\":{\"@type\":\"EntryPoint\",\"urlTemplate\":\"https:\/\/epochtimestr.com\/?s={search_term_string}\"},\"query-input\":\"required name=search_term_string\"}],\"inLanguage\":\"tr\"},{\"@type\":\"Organization\",\"@id\":\"https:\/\/epochtimestr.com\/#organization\",\"name\":\"The EpochTimes T\u00fcrkiye\",\"url\":\"https:\/\/epochtimestr.com\/\",\"logo\":{\"@type\":\"ImageObject\",\"inLanguage\":\"tr\",\"@id\":\"https:\/\/epochtimestr.com\/#\/schema\/logo\/image\/\",\"url\":\"https:\/\/epochtimestr.com\/wp-content\/uploads\/2011y\/ET-Logo-YG.jpg\",\"contentUrl\":\"https:\/\/epochtimestr.com\/wp-content\/uploads\/2011y\/ET-Logo-YG.jpg\",\"width\":346,\"height\":29,\"caption\":\"The EpochTimes T\u00fcrkiye\"},\"image\":{\"@id\":\"https:\/\/epochtimestr.com\/#\/schema\/logo\/image\/\"},\"sameAs\":[\"https:\/\/www.facebook.com\/theepochtimestr\",\"https:\/\/x.com\/TheEpochTimesTR\",\"https:\/\/www.instagram.com\/epochtimestr\"]}]}<\/script>\n<!-- \/ Yoast SEO plugin. -->","yoast_head_json":{"title":"\u00d6zel Seri: Kom\u00fcnist Parti \u00dczerine Dokuz Yorum - The Epoch Times TR","robots":{"index":"index","follow":"follow","max-snippet":"max-snippet:-1","max-image-preview":"max-image-preview:large","max-video-preview":"max-video-preview:-1"},"canonical":"https:\/\/epochtimestr.com\/index.php\/ozel-seri-komunist-parti-uzerine-dokuz-yorum","og_locale":"tr_TR","og_type":"article","og_title":"\u00d6zel Seri: Kom\u00fcnist Parti \u00dczerine Dokuz Yorum - The Epoch Times TR","og_description":"[vc_row][vc_column][vc_single_image image=&#8221;135415&#8243; img_size=&#8221;full&#8221; alignment=&#8221;center&#8221;][\/vc_column][\/vc_row][vc_row][vc_column][\/vc_column][\/vc_row]","og_url":"https:\/\/epochtimestr.com\/index.php\/ozel-seri-komunist-parti-uzerine-dokuz-yorum","og_site_name":"The Epoch Times TR","article_publisher":"https:\/\/www.facebook.com\/theepochtimestr","article_modified_time":"2021-06-13T19:24:14+00:00","twitter_card":"summary_large_image","twitter_site":"@TheEpochTimesTR","twitter_misc":{"Tahmini okuma s\u00fcresi":"1 dakika"},"schema":{"@context":"https:\/\/schema.org","@graph":[{"@type":"WebPage","@id":"https:\/\/epochtimestr.com\/index.php\/ozel-seri-komunist-parti-uzerine-dokuz-yorum","url":"https:\/\/epochtimestr.com\/index.php\/ozel-seri-komunist-parti-uzerine-dokuz-yorum","name":"\u00d6zel Seri: Kom\u00fcnist Parti \u00dczerine Dokuz Yorum - The Epoch Times TR","isPartOf":{"@id":"https:\/\/epochtimestr.com\/#website"},"datePublished":"2021-06-02T19:59:15+00:00","dateModified":"2021-06-13T19:24:14+00:00","inLanguage":"tr","potentialAction":[{"@type":"ReadAction","target":["https:\/\/epochtimestr.com\/index.php\/ozel-seri-komunist-parti-uzerine-dokuz-yorum"]}]},{"@type":"WebSite","@id":"https:\/\/epochtimestr.com\/#website","url":"https:\/\/epochtimestr.com\/","name":"The Epoch Times TR","description":"De\u011fi\u015fen D\u00fcnyam\u0131za Taze Bir Bak\u0131\u015f","publisher":{"@id":"https:\/\/epochtimestr.com\/#organization"},"potentialAction":[{"@type":"SearchAction","target":{"@type":"EntryPoint","urlTemplate":"https:\/\/epochtimestr.com\/?s={search_term_string}"},"query-input":"required name=search_term_string"}],"inLanguage":"tr"},{"@type":"Organization","@id":"https:\/\/epochtimestr.com\/#organization","name":"The EpochTimes T\u00fcrkiye","url":"https:\/\/epochtimestr.com\/","logo":{"@type":"ImageObject","inLanguage":"tr","@id":"https:\/\/epochtimestr.com\/#\/schema\/logo\/image\/","url":"https:\/\/epochtimestr.com\/wp-content\/uploads\/2011y\/ET-Logo-YG.jpg","contentUrl":"https:\/\/epochtimestr.com\/wp-content\/uploads\/2011y\/ET-Logo-YG.jpg","width":346,"height":29,"caption":"The EpochTimes T\u00fcrkiye"},"image":{"@id":"https:\/\/epochtimestr.com\/#\/schema\/logo\/image\/"},"sameAs":["https:\/\/www.facebook.com\/theepochtimestr","https:\/\/x.com\/TheEpochTimesTR","https:\/\/www.instagram.com\/epochtimestr"]}]}},"_links":{"self":[{"href":"https:\/\/epochtimestr.com\/index.php\/wp-json\/wp\/v2\/pages\/135123"}],"collection":[{"href":"https:\/\/epochtimestr.com\/index.php\/wp-json\/wp\/v2\/pages"}],"about":[{"href":"https:\/\/epochtimestr.com\/index.php\/wp-json\/wp\/v2\/types\/page"}],"author":[{"embeddable":true,"href":"https:\/\/epochtimestr.com\/index.php\/wp-json\/wp\/v2\/users\/22"}],"replies":[{"embeddable":true,"href":"https:\/\/epochtimestr.com\/index.php\/wp-json\/wp\/v2\/comments?post=135123"}],"version-history":[{"count":10,"href":"https:\/\/epochtimestr.com\/index.php\/wp-json\/wp\/v2\/pages\/135123\/revisions"}],"predecessor-version":[{"id":135422,"href":"https:\/\/epochtimestr.com\/index.php\/wp-json\/wp\/v2\/pages\/135123\/revisions\/135422"}],"wp:attachment":[{"href":"https:\/\/epochtimestr.com\/index.php\/wp-json\/wp\/v2\/media?parent=135123"}],"curies":[{"name":"wp","href":"https:\/\/api.w.org\/{rel}","templated":true}]}}