{"id":142185,"date":"2023-02-06T02:07:29","date_gmt":"2023-02-05T23:07:29","guid":{"rendered":"https:\/\/epochtimestr.com\/?page_id=142185"},"modified":"2023-02-06T02:09:19","modified_gmt":"2023-02-05T23:09:19","slug":"ev","status":"publish","type":"page","link":"https:\/\/epochtimestr.com\/index.php\/ev","title":{"rendered":"Ev"},"content":{"rendered":"<p>[vc_row][vc_column width=&#8221;5\/6&#8243;]<div class=\" bs-listing bs-listing-listing-mix-1-4 bs-listing-single-tab\">\t<div class=\"listing listing-mix-1-4 clearfix \">\r\n\t\t<div class=\"item-inner\">\r\n\t\t\t<div class=\"column-1\">\r\n\t\t\t\t\t<article class=\"post-166458 type-post format-standard has-post-thumbnail   listing-item listing-item-grid listing-item-grid-1 main-term-8199\">\r\n\t<div class=\"item-inner\">\r\n\t\t\t\t\t<div class=\"featured clearfix\">\r\n\t\t\t\t<div class=\"term-badges floated\"><span class=\"term-badge term-8199\"><a href=\"https:\/\/epochtimestr.com\/index.php\/category\/yasam_tarzi\/ev\">Ev<\/a><\/span><\/div>\t\t\t\t<a  title=\"\u0130lkbahar Bah\u00e7esi: Bu Mevsimde Neler Yapabilirim?\" style=\"background-image: url(https:\/\/epochtimestr.com\/wp-content\/uploads\/2011y\/image-355-750x430.png);\" data-bsrjs=\"https:\/\/epochtimestr.com\/wp-content\/uploads\/2011y\/image-355.png\"\t\t\t\t\t\tclass=\"img-holder\" href=\"https:\/\/epochtimestr.com\/index.php\/ilkbahar-bahcesi-bu-mevsimde-neler-yapabilirim\"><\/a>\r\n\r\n\t\t\t\t\t\t\t<\/div>\r\n\t\t<h2 class=\"title\">\t\t<a href=\"https:\/\/epochtimestr.com\/index.php\/ilkbahar-bahcesi-bu-mevsimde-neler-yapabilirim\" class=\"post-title post-url\">\r\n\t\t\t\u0130lkbahar Bah\u00e7esi: Bu Mevsimde Neler Yapabilirim?\t\t<\/a>\r\n\t\t<\/h2>\t\t<div class=\"post-meta\">\r\n\r\n\t\t\t\t\t\t\t<a href=\"https:\/\/epochtimestr.com\/index.php\/author\/hatice\"\r\n\t\t\t\t   title=\"Yazar\u0131n Makalelerine G\u00f6z At\"\r\n\t\t\t\t   class=\"post-author-a\">\r\n\t\t\t\t\t<i class=\"post-author author\">\r\n\t\t\t\t\t\tHatice Atmaca\t\t\t\t\t<\/i>\r\n\t\t\t\t<\/a>\r\n\t\t\t\t\t\t\t<span class=\"time\"><time class=\"post-published updated\"\r\n\t\t\t\t                         datetime=\"2026-03-26T17:06:01+03:00\">Mar 26, 2026<\/time><\/span>\r\n\t\t\t\t<a href=\"https:\/\/epochtimestr.com\/index.php\/ilkbahar-bahcesi-bu-mevsimde-neler-yapabilirim#respond\" title=\"Yorum Yap: &quot;\u0130lkbahar Bah\u00e7esi: Bu Mevsimde Neler Yapabilirim?&quot;\" class=\"comments\"><i class=\"fa fa-comments-o\"><\/i> 0<\/a>\t\t<\/div>\r\n\t\t\t\t\t<div class=\"post-summary\">\r\n\t\t\t\t<!-- wp:heading {\"level\":3} -->\n\u015eimdi yap\u0131lacak k\u00fc\u00e7\u00fck bir planlama ve haz\u0131rl\u0131k, y\u0131l\u0131n geri kalan\u0131nda muhte\u015fem \u00e7i\u00e7ekler a\u00e7mas\u0131n\u0131 sa\u011flayabilir.\n<!-- \/wp:heading -->\n\n<!-- wp:image {\"id\":166459,\"sizeSlug\":\"full\",\"linkDestination\":\"none\",\"align\":\"center\"} --><\/!--><\/!--><\/!-->&hellip;\t\t\t<\/div>\r\n\t\t\t<\/div>\r\n\t<\/article >\r\n\t\t\t<\/div>\r\n\t\t\t<div class=\"column-2\">\r\n\t\t\t\t\t<div class=\"listing listing-thumbnail listing-tb-2 clearfix scolumns-1\">\r\n\t<article  class=\"post-162393 type-post format-standard has-post-thumbnail   listing-item listing-item-thumbnail listing-item-tb-2 main-term-8173\">\r\n<div class=\"item-inner clearfix\">\r\n\t\t\t<div class=\"featured featured-type-featured-image\">\r\n\t\t\t<div class=\"term-badges floated\"><span class=\"term-badge term-8173\"><a href=\"https:\/\/epochtimestr.com\/index.php\/category\/aile-ve-egitim\">A\u0130LE ve EG\u0130T\u0130M<\/a><\/span><\/div>\t\t\t<a  title=\"Ait Olunacak Bir Yer: Bir Evi S\u0131\u011f\u0131na\u011fa D\u00f6n\u00fc\u015ft\u00fcrme Sanat\u0131\" style=\"background-image: url(https:\/\/epochtimestr.com\/wp-content\/uploads\/2011y\/image-324-357x210.png);\" data-bsrjs=\"https:\/\/epochtimestr.com\/wp-content\/uploads\/2011y\/image-324-750x430.png\"\t\t\t\t\tclass=\"img-holder\" href=\"https:\/\/epochtimestr.com\/index.php\/ait-olunacak-bir-yer-bir-evi-siginaga-donusturme-sanati\"><\/a>\r\n\t\t\t\t\t<\/div>\r\n\t<h2 class=\"title\">\t<a class=\"post-url\" href=\"https:\/\/epochtimestr.com\/index.php\/ait-olunacak-bir-yer-bir-evi-siginaga-donusturme-sanati\" title=\"Ait Olunacak Bir Yer: Bir Evi S\u0131\u011f\u0131na\u011fa D\u00f6n\u00fc\u015ft\u00fcrme Sanat\u0131\">\r\n\t\t\t<span class=\"post-title\">\r\n\t\t\t\tAit Olunacak Bir Yer: Bir Evi S\u0131\u011f\u0131na\u011fa D\u00f6n\u00fc\u015ft\u00fcrme Sanat\u0131\t\t\t<\/span>\r\n\t<\/a>\r\n\t<\/h2><\/div>\r\n<\/article >\r\n<article  class=\"post-156641 type-post format-standard has-post-thumbnail   listing-item listing-item-thumbnail listing-item-tb-2 main-term-519\">\r\n<div class=\"item-inner clearfix\">\r\n\t\t\t<div class=\"featured featured-type-featured-image\">\r\n\t\t\t<div class=\"term-badges floated\"><span class=\"term-badge term-519\"><a href=\"https:\/\/epochtimestr.com\/index.php\/category\/the-epoch-times-editorun-secimi\">ED\u0130T\u00d6R\u00dcN SE\u00c7\u0130M\u0130<\/a><\/span><\/div>\t\t\t<a  title=\"Evimi Nas\u0131lAk\u0131ll\u0131 Ev Haline Getirebilirim?\" style=\"background-image: url(https:\/\/epochtimestr.com\/wp-content\/uploads\/2011y\/image-240-357x210.png);\" data-bsrjs=\"https:\/\/epochtimestr.com\/wp-content\/uploads\/2011y\/image-240-750x430.png\"\t\t\t\t\tclass=\"img-holder\" href=\"https:\/\/epochtimestr.com\/index.php\/evimi-nasil-akilli-ev-haline-getirebilirim\"><\/a>\r\n\t\t\t\t\t<\/div>\r\n\t<h2 class=\"title\">\t<a class=\"post-url\" href=\"https:\/\/epochtimestr.com\/index.php\/evimi-nasil-akilli-ev-haline-getirebilirim\" title=\"Evimi Nas\u0131lAk\u0131ll\u0131 Ev Haline Getirebilirim?\">\r\n\t\t\t<span class=\"post-title\">\r\n\t\t\t\tEvimi Nas\u0131lAk\u0131ll\u0131 Ev Haline Getirebilirim?\t\t\t<\/span>\r\n\t<\/a>\r\n\t<\/h2><\/div>\r\n<\/article >\r\n\t<\/div>\r\n\t\t\t\t<\/div>\r\n\t\t<\/div>\r\n\t<\/div>\r\n<\/div>[\/vc_column][vc_column width=&#8221;1\/6&#8243;][\/vc_column][\/vc_row][vc_row][vc_column width=&#8221;5\/6&#8243;][vc_separator el_width=&#8221;70&#8243;][\/vc_column][vc_column width=&#8221;1\/6&#8243;][\/vc_column][\/vc_row][vc_row][vc_column width=&#8221;5\/6&#8243;]<div class=\" bs-listing bs-listing-listing-blog-1 bs-listing-single-tab pagination-animate\">\t\t<div class=\"bs-pagination-wrapper main-term-8199 more_btn_infinity bs-slider-first-item\">\r\n\t\t\t<div class=\"listing listing-blog listing-blog-5 clearfix columns-1\">\r\n\t\t<article class=\"post-145526 type-post format-standard has-post-thumbnail   listing-item listing-item-blog  listing-item-blog-5 main-term-1 bsw-13 \">\r\n\t<div class=\"item-inner clearfix\">\r\n\r\n\t\t\t\t\t<div class=\"featured clearfix\">\r\n\t\t\t\t<div class=\"term-badges floated\"><span class=\"term-badge term-1\"><a href=\"https:\/\/epochtimestr.com\/index.php\/category\/gundem\">G\u00dcNDEM<\/a><\/span><\/div>\t\t\t\t<a  title=\"250.000 Dolara Eski 2 Jetten Hayalindeki Evini \u0130n\u015fa Ediyor\u2014\u0130\u015fte B\u00f6yle G\u00f6r\u00fcn\u00fcyor\" style=\"background-image: url(https:\/\/epochtimestr.com\/wp-content\/uploads\/2011y\/id5244119-Captain-Joe-Axline-3-1200x720-1-357x210.jpg);\" data-bsrjs=\"https:\/\/epochtimestr.com\/wp-content\/uploads\/2011y\/id5244119-Captain-Joe-Axline-3-1200x720-1-750x430.jpg\"\t\t\t\t\t\tclass=\"img-holder\" href=\"https:\/\/epochtimestr.com\/index.php\/250-000-dolara-eski-2-jetten-hayalindeki-evini-insa-ediyor-iste-boyle-gorunuyor\"><\/a>\r\n\t\t\t\t\t\t\t<\/div>\r\n\t\t<h2 class=\"title\">\t\t<a href=\"https:\/\/epochtimestr.com\/index.php\/250-000-dolara-eski-2-jetten-hayalindeki-evini-insa-ediyor-iste-boyle-gorunuyor\" class=\"post-title post-url\">\r\n\t\t\t250.000 Dolara Eski 2 Jetten Hayalindeki Evini \u0130n\u015fa Ediyor\u2014\u0130\u015fte B\u00f6yle&hellip;\t\t<\/a>\r\n\t\t<\/h2>\t\t<div class=\"post-meta\">\r\n\r\n\t\t\t\t\t\t\t<a href=\"https:\/\/epochtimestr.com\/index.php\/author\/gian\"\r\n\t\t\t\t   title=\"Yazar\u0131n Makalelerine G\u00f6z At\"\r\n\t\t\t\t   class=\"post-author-a\">\r\n\t\t\t\t\t<i class=\"post-author author\">\r\n\t\t\t\t\t\tGian Serra\t\t\t\t\t<\/i>\r\n\t\t\t\t<\/a>\r\n\t\t\t\t\t\t\t<span class=\"time\"><time class=\"post-published updated\"\r\n\t\t\t\t                         datetime=\"2023-05-30T12:00:25+03:00\">May 30, 2023<\/time><\/span>\r\n\t\t\t\t\t\t<\/div>\r\n\t\t\t\t\t<div class=\"post-summary\">\r\n\t\t\t\t<!-- wp:image {\"align\":\"center\",\"id\":145530,\"sizeSlug\":\"full\",\"linkDestination\":\"none\"} -->\n(Kaptan Joe Axline'\u0131n izniyle)\n<!-- \/wp:image -->\n\n<!-- wp:paragraph -->20 y\u0131ld\u0131r yaz\u0131l\u0131m geli\u015ftirme sekt\u00f6r\u00fcnde \u00e7al\u0131\u015fan bir adam, bir havaalan\u0131nda bir arsa sat\u0131n al\u0131p<\/!--><\/!--><\/!-->&hellip;\t\t\t<\/div>\r\n\t\t\t\t<\/div>\r\n\t<\/article >\r\n\t<article class=\"post-142018 type-post format-standard has-post-thumbnail   listing-item listing-item-blog  listing-item-blog-5 main-term-8199 bsw-13 \">\r\n\t<div class=\"item-inner clearfix\">\r\n\r\n\t\t\t\t\t<div class=\"featured clearfix\">\r\n\t\t\t\t<div class=\"term-badges floated\"><span class=\"term-badge term-8199\"><a href=\"https:\/\/epochtimestr.com\/index.php\/category\/yasam_tarzi\/ev\">Ev<\/a><\/span><\/div>\t\t\t\t<a  title=\"K\u0131\u015f Aylar\u0131nda Ev Bitkilerinizin Bak\u0131m\u0131 \u0130\u00e7in Bilmeniz Gereken 8 \u0130pucu\" style=\"background-image: url(https:\/\/epochtimestr.com\/wp-content\/uploads\/2011y\/pastedGraphic-357x210.png);\" data-bsrjs=\"https:\/\/epochtimestr.com\/wp-content\/uploads\/2011y\/pastedGraphic.png\"\t\t\t\t\t\tclass=\"img-holder\" href=\"https:\/\/epochtimestr.com\/index.php\/kis-aylarinda-ev-bitkilerinizin-bakimi-icin-bilmeniz-gereken-8-ipucu\"><\/a>\r\n\t\t\t\t\t\t\t<\/div>\r\n\t\t<h2 class=\"title\">\t\t<a href=\"https:\/\/epochtimestr.com\/index.php\/kis-aylarinda-ev-bitkilerinizin-bakimi-icin-bilmeniz-gereken-8-ipucu\" class=\"post-title post-url\">\r\n\t\t\tK\u0131\u015f Aylar\u0131nda Ev Bitkilerinizin Bak\u0131m\u0131 \u0130\u00e7in Bilmeniz Gereken 8 \u0130pucu\t\t<\/a>\r\n\t\t<\/h2>\t\t<div class=\"post-meta\">\r\n\r\n\t\t\t\t\t\t\t<a href=\"https:\/\/epochtimestr.com\/index.php\/author\/manolya\"\r\n\t\t\t\t   title=\"Yazar\u0131n Makalelerine G\u00f6z At\"\r\n\t\t\t\t   class=\"post-author-a\">\r\n\t\t\t\t\t<i class=\"post-author author\">\r\n\t\t\t\t\t\tManolya Serra\t\t\t\t\t<\/i>\r\n\t\t\t\t<\/a>\r\n\t\t\t\t\t\t\t<span class=\"time\"><time class=\"post-published updated\"\r\n\t\t\t\t                         datetime=\"2023-01-31T18:47:44+03:00\">Oca 31, 2023<\/time><\/span>\r\n\t\t\t\t\t\t<\/div>\r\n\t\t\t\t\t<div class=\"post-summary\">\r\n\t\t\t\t<!-- wp:image {\"align\":\"center\",\"id\":142019,\"width\":558,\"height\":381,\"sizeSlug\":\"full\",\"linkDestination\":\"none\"} -->\n\u0130\u00e7 mekandaki bah\u00e7enizi daha so\u011fuk, karanl\u0131k ve kuru aylarda da iyi durumda tutun. ( Moment RF)\n<!-- \/wp:image -->\n\n<!-- wp:paragraph -->Geli\u015fim ko\u015fullar\u0131 k\u0131\u015f\u0131n<\/!--><\/!--><\/!-->&hellip;\t\t\t<\/div>\r\n\t\t\t\t<\/div>\r\n\t<\/article >\r\n\t<article class=\"post-132068 type-post format-standard has-post-thumbnail   listing-item listing-item-blog  listing-item-blog-5 main-term-8199 bsw-13 \">\r\n\t<div class=\"item-inner clearfix\">\r\n\r\n\t\t\t\t\t<div class=\"featured clearfix\">\r\n\t\t\t\t<div class=\"term-badges floated\"><span class=\"term-badge term-8199\"><a href=\"https:\/\/epochtimestr.com\/index.php\/category\/yasam_tarzi\/ev\">Ev<\/a><\/span><\/div>\t\t\t\t<a  title=\"2021&#8217;e Girerken Evde Neler Yap\u0131labilir?\" style=\"background-image: url(https:\/\/epochtimestr.com\/wp-content\/uploads\/2011y\/kartanesi-y\u0131lba\u015f\u0131-a\u011fac\u0131-pixabay-357x210.jpg);\" data-bsrjs=\"https:\/\/epochtimestr.com\/wp-content\/uploads\/2011y\/kartanesi-y\u0131lba\u015f\u0131-a\u011fac\u0131-pixabay.jpg\"\t\t\t\t\t\tclass=\"img-holder\" href=\"https:\/\/epochtimestr.com\/index.php\/2021e-girerken-evde-neler-yapilabilir\"><\/a>\r\n\t\t\t\t\t\t\t<\/div>\r\n\t\t<h2 class=\"title\">\t\t<a href=\"https:\/\/epochtimestr.com\/index.php\/2021e-girerken-evde-neler-yapilabilir\" class=\"post-title post-url\">\r\n\t\t\t2021&#8217;e Girerken Evde Neler Yap\u0131labilir?\t\t<\/a>\r\n\t\t<\/h2>\t\t<div class=\"post-meta\">\r\n\r\n\t\t\t\t\t\t\t<a href=\"https:\/\/epochtimestr.com\/index.php\/author\/sendag\"\r\n\t\t\t\t   title=\"Yazar\u0131n Makalelerine G\u00f6z At\"\r\n\t\t\t\t   class=\"post-author-a\">\r\n\t\t\t\t\t<i class=\"post-author author\">\r\n\t\t\t\t\t\tHaber Merkezi\t\t\t\t\t<\/i>\r\n\t\t\t\t<\/a>\r\n\t\t\t\t\t\t\t<span class=\"time\"><time class=\"post-published updated\"\r\n\t\t\t\t                         datetime=\"2020-12-28T11:00:00+03:00\">Ara 28, 2020<\/time><\/span>\r\n\t\t\t\t\t\t<\/div>\r\n\t\t\t\t\t<div class=\"post-summary\">\r\n\t\t\t\t<!-- wp:image {\"align\":\"center\",\"id\":132083,\"sizeSlug\":\"large\"} -->\nFoto\u011fraf; Pixabay\n<!-- \/wp:image -->\n\n<!-- wp:heading -->2020 y\u0131l\u0131 t\u00fcm d\u00fcnya i\u00e7in zor bir y\u0131ld\u0131. Ya\u015fad\u0131\u011f\u0131m\u0131z zor d\u00f6nem, hepimizin bir\u00e7ok \u015feyi sorgulamas\u0131na f\u0131rsat<\/!--><\/!--><\/!-->&hellip;\t\t\t<\/div>\r\n\t\t\t\t<\/div>\r\n\t<\/article >\r\n\t<\/div>\r\n\t\n\t<\/div><\/div>[\/vc_column][vc_column width=&#8221;1\/6&#8243;][\/vc_column][\/vc_row]<\/p>\n","protected":false},"excerpt":{"rendered":"<p>[vc_row][vc_column width=&#8221;5\/6&#8243;][\/vc_column][vc_column width=&#8221;1\/6&#8243;][\/vc_column][\/vc_row][vc_row][vc_column width=&#8221;5\/6&#8243;][vc_separator el_width=&#8221;70&#8243;][\/vc_column][vc_column width=&#8221;1\/6&#8243;][\/vc_column][\/vc_row][vc_row][vc_column width=&#8221;5\/6&#8243;][\/vc_column][vc_column width=&#8221;1\/6&#8243;][\/vc_column][\/vc_row]<\/p>\n","protected":false},"author":22,"featured_media":0,"parent":0,"menu_order":0,"comment_status":"closed","ping_status":"closed","template":"","meta":{"_bbp_topic_count":0,"_bbp_reply_count":0,"_bbp_total_topic_count":0,"_bbp_total_reply_count":0,"_bbp_voice_count":0,"_bbp_anonymous_reply_count":0,"_bbp_topic_count_hidden":0,"_bbp_reply_count_hidden":0,"_bbp_forum_subforum_count":0,"footnotes":""},"yoast_head":"<!-- This site is optimized with the Yoast SEO plugin v23.0 - https:\/\/yoast.com\/wordpress\/plugins\/seo\/ -->\n<title>Ev - The Epoch Times TR<\/title>\n<meta name=\"robots\" content=\"index, follow, max-snippet:-1, max-image-preview:large, max-video-preview:-1\" \/>\n<link rel=\"canonical\" href=\"https:\/\/epochtimestr.com\/index.php\/ev\" \/>\n<meta property=\"og:locale\" content=\"tr_TR\" \/>\n<meta property=\"og:type\" content=\"article\" \/>\n<meta property=\"og:title\" content=\"Ev - The Epoch Times TR\" \/>\n<meta property=\"og:description\" content=\"[vc_row][vc_column width=&#8221;5\/6&#8243;][\/vc_column][vc_column width=&#8221;1\/6&#8243;][\/vc_column][\/vc_row][vc_row][vc_column width=&#8221;5\/6&#8243;][vc_separator el_width=&#8221;70&#8243;][\/vc_column][vc_column width=&#8221;1\/6&#8243;][\/vc_column][\/vc_row][vc_row][vc_column width=&#8221;5\/6&#8243;][\/vc_column][vc_column width=&#8221;1\/6&#8243;][\/vc_column][\/vc_row]\" \/>\n<meta property=\"og:url\" content=\"https:\/\/epochtimestr.com\/index.php\/ev\" \/>\n<meta property=\"og:site_name\" content=\"The Epoch Times TR\" \/>\n<meta property=\"article:publisher\" content=\"https:\/\/www.facebook.com\/theepochtimestr\" \/>\n<meta property=\"article:modified_time\" content=\"2023-02-05T23:09:19+00:00\" \/>\n<meta name=\"twitter:card\" content=\"summary_large_image\" \/>\n<meta name=\"twitter:site\" content=\"@TheEpochTimesTR\" \/>\n<meta name=\"twitter:label1\" content=\"Tahmini okuma s\u00fcresi\" \/>\n\t<meta name=\"twitter:data1\" content=\"1 dakika\" \/>\n<script type=\"application\/ld+json\" class=\"yoast-schema-graph\">{\"@context\":\"https:\/\/schema.org\",\"@graph\":[{\"@type\":\"WebPage\",\"@id\":\"https:\/\/epochtimestr.com\/index.php\/ev\",\"url\":\"https:\/\/epochtimestr.com\/index.php\/ev\",\"name\":\"Ev - The Epoch Times TR\",\"isPartOf\":{\"@id\":\"https:\/\/epochtimestr.com\/#website\"},\"datePublished\":\"2023-02-05T23:07:29+00:00\",\"dateModified\":\"2023-02-05T23:09:19+00:00\",\"inLanguage\":\"tr\",\"potentialAction\":[{\"@type\":\"ReadAction\",\"target\":[\"https:\/\/epochtimestr.com\/index.php\/ev\"]}]},{\"@type\":\"WebSite\",\"@id\":\"https:\/\/epochtimestr.com\/#website\",\"url\":\"https:\/\/epochtimestr.com\/\",\"name\":\"The Epoch Times TR\",\"description\":\"De\u011fi\u015fen D\u00fcnyam\u0131za Taze Bir Bak\u0131\u015f\",\"publisher\":{\"@id\":\"https:\/\/epochtimestr.com\/#organization\"},\"potentialAction\":[{\"@type\":\"SearchAction\",\"target\":{\"@type\":\"EntryPoint\",\"urlTemplate\":\"https:\/\/epochtimestr.com\/?s={search_term_string}\"},\"query-input\":\"required name=search_term_string\"}],\"inLanguage\":\"tr\"},{\"@type\":\"Organization\",\"@id\":\"https:\/\/epochtimestr.com\/#organization\",\"name\":\"The EpochTimes T\u00fcrkiye\",\"url\":\"https:\/\/epochtimestr.com\/\",\"logo\":{\"@type\":\"ImageObject\",\"inLanguage\":\"tr\",\"@id\":\"https:\/\/epochtimestr.com\/#\/schema\/logo\/image\/\",\"url\":\"https:\/\/epochtimestr.com\/wp-content\/uploads\/2011y\/ET-Logo-YG.jpg\",\"contentUrl\":\"https:\/\/epochtimestr.com\/wp-content\/uploads\/2011y\/ET-Logo-YG.jpg\",\"width\":346,\"height\":29,\"caption\":\"The EpochTimes T\u00fcrkiye\"},\"image\":{\"@id\":\"https:\/\/epochtimestr.com\/#\/schema\/logo\/image\/\"},\"sameAs\":[\"https:\/\/www.facebook.com\/theepochtimestr\",\"https:\/\/x.com\/TheEpochTimesTR\",\"https:\/\/www.instagram.com\/epochtimestr\"]}]}<\/script>\n<!-- \/ Yoast SEO plugin. -->","yoast_head_json":{"title":"Ev - The Epoch Times TR","robots":{"index":"index","follow":"follow","max-snippet":"max-snippet:-1","max-image-preview":"max-image-preview:large","max-video-preview":"max-video-preview:-1"},"canonical":"https:\/\/epochtimestr.com\/index.php\/ev","og_locale":"tr_TR","og_type":"article","og_title":"Ev - The Epoch Times TR","og_description":"[vc_row][vc_column width=&#8221;5\/6&#8243;][\/vc_column][vc_column width=&#8221;1\/6&#8243;][\/vc_column][\/vc_row][vc_row][vc_column width=&#8221;5\/6&#8243;][vc_separator el_width=&#8221;70&#8243;][\/vc_column][vc_column width=&#8221;1\/6&#8243;][\/vc_column][\/vc_row][vc_row][vc_column width=&#8221;5\/6&#8243;][\/vc_column][vc_column width=&#8221;1\/6&#8243;][\/vc_column][\/vc_row]","og_url":"https:\/\/epochtimestr.com\/index.php\/ev","og_site_name":"The Epoch Times TR","article_publisher":"https:\/\/www.facebook.com\/theepochtimestr","article_modified_time":"2023-02-05T23:09:19+00:00","twitter_card":"summary_large_image","twitter_site":"@TheEpochTimesTR","twitter_misc":{"Tahmini okuma s\u00fcresi":"1 dakika"},"schema":{"@context":"https:\/\/schema.org","@graph":[{"@type":"WebPage","@id":"https:\/\/epochtimestr.com\/index.php\/ev","url":"https:\/\/epochtimestr.com\/index.php\/ev","name":"Ev - The Epoch Times TR","isPartOf":{"@id":"https:\/\/epochtimestr.com\/#website"},"datePublished":"2023-02-05T23:07:29+00:00","dateModified":"2023-02-05T23:09:19+00:00","inLanguage":"tr","potentialAction":[{"@type":"ReadAction","target":["https:\/\/epochtimestr.com\/index.php\/ev"]}]},{"@type":"WebSite","@id":"https:\/\/epochtimestr.com\/#website","url":"https:\/\/epochtimestr.com\/","name":"The Epoch Times TR","description":"De\u011fi\u015fen D\u00fcnyam\u0131za Taze Bir Bak\u0131\u015f","publisher":{"@id":"https:\/\/epochtimestr.com\/#organization"},"potentialAction":[{"@type":"SearchAction","target":{"@type":"EntryPoint","urlTemplate":"https:\/\/epochtimestr.com\/?s={search_term_string}"},"query-input":"required name=search_term_string"}],"inLanguage":"tr"},{"@type":"Organization","@id":"https:\/\/epochtimestr.com\/#organization","name":"The EpochTimes T\u00fcrkiye","url":"https:\/\/epochtimestr.com\/","logo":{"@type":"ImageObject","inLanguage":"tr","@id":"https:\/\/epochtimestr.com\/#\/schema\/logo\/image\/","url":"https:\/\/epochtimestr.com\/wp-content\/uploads\/2011y\/ET-Logo-YG.jpg","contentUrl":"https:\/\/epochtimestr.com\/wp-content\/uploads\/2011y\/ET-Logo-YG.jpg","width":346,"height":29,"caption":"The EpochTimes T\u00fcrkiye"},"image":{"@id":"https:\/\/epochtimestr.com\/#\/schema\/logo\/image\/"},"sameAs":["https:\/\/www.facebook.com\/theepochtimestr","https:\/\/x.com\/TheEpochTimesTR","https:\/\/www.instagram.com\/epochtimestr"]}]}},"_links":{"self":[{"href":"https:\/\/epochtimestr.com\/index.php\/wp-json\/wp\/v2\/pages\/142185"}],"collection":[{"href":"https:\/\/epochtimestr.com\/index.php\/wp-json\/wp\/v2\/pages"}],"about":[{"href":"https:\/\/epochtimestr.com\/index.php\/wp-json\/wp\/v2\/types\/page"}],"author":[{"embeddable":true,"href":"https:\/\/epochtimestr.com\/index.php\/wp-json\/wp\/v2\/users\/22"}],"replies":[{"embeddable":true,"href":"https:\/\/epochtimestr.com\/index.php\/wp-json\/wp\/v2\/comments?post=142185"}],"version-history":[{"count":1,"href":"https:\/\/epochtimestr.com\/index.php\/wp-json\/wp\/v2\/pages\/142185\/revisions"}],"predecessor-version":[{"id":142186,"href":"https:\/\/epochtimestr.com\/index.php\/wp-json\/wp\/v2\/pages\/142185\/revisions\/142186"}],"wp:attachment":[{"href":"https:\/\/epochtimestr.com\/index.php\/wp-json\/wp\/v2\/media?parent=142185"}],"curies":[{"name":"wp","href":"https:\/\/api.w.org\/{rel}","templated":true}]}}