{"id":2152,"date":"2010-02-19T22:52:02","date_gmt":"2010-02-19T20:52:02","guid":{"rendered":"http:\/\/www.epochtimestr.com\/?page_id=2152"},"modified":"2020-04-18T22:53:49","modified_gmt":"2020-04-18T19:53:49","slug":"hakkimizda","status":"publish","type":"page","link":"https:\/\/epochtimestr.com\/index.php\/hakkimizda","title":{"rendered":"Hakk\u0131m\u0131zda"},"content":{"rendered":"<p><strong>\u00a0 \u00a0 \u00a0 \u00a0 \u00a0 \u00a0 \u00a0 \u00a0 The Epoch Times: \u201cDe\u011fi\u015fen D\u00fcnyam\u0131za Taze Bir Bak\u0131\u015f\u201d<\/strong><\/p>\n<p><strong>Biz Kimiz<\/strong><\/p>\n<p><a href=\"https:\/\/epochtimestr.com\/\">https:\/\/epochtimestr.com\/<\/a> websitesi, Epoch Times T\u00fcrkiye taraf\u0131ndan yay\u0131nlanmaktad\u0131r. Epoch Medya Grubu ile olan ba\u011flant\u0131m\u0131z, bize t\u00fcm d\u00fcnyadan \u00f6d\u00fcll\u00fc gazetecilerin i\u00e7eriklerine eri\u015fim imkan\u0131 sa\u011flamaktad\u0131r. Di\u011fer yandan, Epoch Times T\u00fcrkiye ba\u011f\u0131ms\u0131z bir kurulu\u015ftur ve T\u00fcrkiye\u2019de y\u00f6netilmektedir.<\/p>\n<p>Epoch Medya Grubu, ba\u011f\u0131ms\u0131z y\u00f6netilen ve i\u015fletilen kurulu\u015flar\u0131 i\u00e7eren bir a\u011fd\u0131r. D\u00fcnyada ba\u011f\u0131ms\u0131z haber yay\u0131nc\u0131l\u0131\u011f\u0131nda en h\u0131zl\u0131 b\u00fcy\u00fcyen a\u011fd\u0131r. Epoch Medya Grubu, partizan olmayan, ger\u00e7eklere dayanan ve do\u011frulanm\u0131\u015f bilgiye adanm\u0131\u015f bir medyad\u0131r.<\/p>\n<p>Bizler, herhangi bir h\u00fck\u00fcmetin, \u015firketin veya politik partinin etkisinden ba\u011f\u0131ms\u0131z\u0131z \u2013 bu bizi di\u011fer medya organlar\u0131ndan ay\u0131ran \u015feydir. Amac\u0131m\u0131z, okuyucular\u0131m\u0131za do\u011fru bilgiyi vermektir, dolay\u0131s\u0131yla bir\u00e7ok \u00f6nemli haber ba\u015fl\u0131klar\u0131 konusunda okuyucular\u0131m\u0131z kendi fikirlerini olu\u015fturabilirler.<\/p>\n<p>Art\u0131k daha fazla do\u011frulara dayanmayan politik ajandan\u0131n h\u00fck\u00fcm s\u00fcrd\u00fc\u011f\u00fc, \u015fu anki gazetecilik trendini takip etmemekteyiz.<\/p>\n<p>Bunun yerine, kendi prensiplerimiz olan do\u011fruluk ve gelene\u011fi, yapt\u0131\u011f\u0131m\u0131z i\u015fte bir k\u0131lavuz olarak kullan\u0131yoruz. Ger\u00e7eklere dayanan haber metinlerimizde, makalelerimizde; insanl\u0131k i\u00e7in en iyi olana, tarihteki de\u011ferli derslere ve topluma faydal\u0131 olan geleneklere vurgu yap\u0131yoruz.<\/p>\n<p>\u0130lk Epoch Times \u015firketi, A.B.D\u2019de, 2000 y\u0131l\u0131nda, \u00c7in\u2019deki kom\u00fcnist bask\u0131ya ve sans\u00fcre kar\u015f\u0131 bir tepki olarak kuruldu. Epoch Times \u015firketinin kurucular\u0131n\u0131n kendileri; kom\u00fcnizmden ka\u00e7an, d\u00fcnyaya do\u011fru ve sans\u00fcrs\u00fcz bilgiyi sunacak ba\u011f\u0131ms\u0131z bir medya yaratmak i\u00e7in \u00e7abalayan \u00c7inli Amerikal\u0131lard\u0131.<\/p>\n<p>O ilk Epoch Times; New York Bas\u0131n Kurulu\u015fu, Profesyonel Gazeteciler Toplulu\u011fu, ve Haber Tasar\u0131m\u0131 Toplulu\u011fu da dahil olmak \u00fczere; habercilik, tasar\u0131m konular\u0131nda say\u0131s\u0131z \u00f6d\u00fcller ald\u0131.<\/p>\n<p>O zamandan beri, Epoch Medya Grubu; 33 \u00fclkede 21 dilde yay\u0131nlanan ba\u011f\u0131ms\u0131z dil versiyonlar\u0131n\u0131 da kendisine katarak b\u00fcy\u00fcm\u00fc\u015ft\u00fcr.<\/p>\n<p style=\"text-align: justify;\">\n","protected":false},"excerpt":{"rendered":"<p>\u00a0 \u00a0 \u00a0 \u00a0 \u00a0 \u00a0 \u00a0 \u00a0 The Epoch Times: \u201cDe\u011fi\u015fen D\u00fcnyam\u0131za Taze Bir Bak\u0131\u015f\u201d Biz Kimiz https:\/\/epochtimestr.com\/ websitesi, Epoch Times T\u00fcrkiye taraf\u0131ndan yay\u0131nlanmaktad\u0131r. Epoch Medya Grubu ile olan ba\u011flant\u0131m\u0131z, bize t\u00fcm d\u00fcnyadan \u00f6d\u00fcll\u00fc gazetecilerin i\u00e7eriklerine eri\u015fim imkan\u0131 sa\u011flamaktad\u0131r. Di\u011fer yandan, Epoch Times T\u00fcrkiye ba\u011f\u0131ms\u0131z bir kurulu\u015ftur ve T\u00fcrkiye\u2019de y\u00f6netilmektedir. Epoch Medya Grubu, ba\u011f\u0131ms\u0131z [&hellip;]<\/p>\n","protected":false},"author":24,"featured_media":0,"parent":0,"menu_order":0,"comment_status":"open","ping_status":"open","template":"","meta":{"_bbp_topic_count":0,"_bbp_reply_count":0,"_bbp_total_topic_count":0,"_bbp_total_reply_count":0,"_bbp_voice_count":0,"_bbp_anonymous_reply_count":0,"_bbp_topic_count_hidden":0,"_bbp_reply_count_hidden":0,"_bbp_forum_subforum_count":0,"footnotes":""},"yoast_head":"<!-- This site is optimized with the Yoast SEO plugin v23.0 - https:\/\/yoast.com\/wordpress\/plugins\/seo\/ -->\n<title>Hakk\u0131m\u0131zda - The Epoch Times TR<\/title>\n<meta name=\"robots\" content=\"index, follow, max-snippet:-1, max-image-preview:large, max-video-preview:-1\" \/>\n<link rel=\"canonical\" href=\"https:\/\/epochtimestr.com\/index.php\/hakkimizda\" \/>\n<meta property=\"og:locale\" content=\"tr_TR\" \/>\n<meta property=\"og:type\" content=\"article\" \/>\n<meta property=\"og:title\" content=\"Hakk\u0131m\u0131zda - The Epoch Times TR\" \/>\n<meta property=\"og:description\" content=\"\u00a0 \u00a0 \u00a0 \u00a0 \u00a0 \u00a0 \u00a0 \u00a0 The Epoch Times: \u201cDe\u011fi\u015fen D\u00fcnyam\u0131za Taze Bir Bak\u0131\u015f\u201d Biz Kimiz https:\/\/epochtimestr.com\/ websitesi, Epoch Times T\u00fcrkiye taraf\u0131ndan yay\u0131nlanmaktad\u0131r. Epoch Medya Grubu ile olan ba\u011flant\u0131m\u0131z, bize t\u00fcm d\u00fcnyadan \u00f6d\u00fcll\u00fc gazetecilerin i\u00e7eriklerine eri\u015fim imkan\u0131 sa\u011flamaktad\u0131r. Di\u011fer yandan, Epoch Times T\u00fcrkiye ba\u011f\u0131ms\u0131z bir kurulu\u015ftur ve T\u00fcrkiye\u2019de y\u00f6netilmektedir. Epoch Medya Grubu, ba\u011f\u0131ms\u0131z [&hellip;]\" \/>\n<meta property=\"og:url\" content=\"https:\/\/epochtimestr.com\/index.php\/hakkimizda\" \/>\n<meta property=\"og:site_name\" content=\"The Epoch Times TR\" \/>\n<meta property=\"article:publisher\" content=\"https:\/\/www.facebook.com\/theepochtimestr\" \/>\n<meta property=\"article:modified_time\" content=\"2020-04-18T19:53:49+00:00\" \/>\n<meta name=\"twitter:card\" content=\"summary_large_image\" \/>\n<meta name=\"twitter:site\" content=\"@TheEpochTimesTR\" \/>\n<meta name=\"twitter:label1\" content=\"Tahmini okuma s\u00fcresi\" \/>\n\t<meta name=\"twitter:data1\" content=\"2 dakika\" \/>\n<script type=\"application\/ld+json\" class=\"yoast-schema-graph\">{\"@context\":\"https:\/\/schema.org\",\"@graph\":[{\"@type\":\"WebPage\",\"@id\":\"https:\/\/epochtimestr.com\/index.php\/hakkimizda\",\"url\":\"https:\/\/epochtimestr.com\/index.php\/hakkimizda\",\"name\":\"Hakk\u0131m\u0131zda - The Epoch Times TR\",\"isPartOf\":{\"@id\":\"https:\/\/epochtimestr.com\/#website\"},\"datePublished\":\"2010-02-19T20:52:02+00:00\",\"dateModified\":\"2020-04-18T19:53:49+00:00\",\"inLanguage\":\"tr\",\"potentialAction\":[{\"@type\":\"ReadAction\",\"target\":[\"https:\/\/epochtimestr.com\/index.php\/hakkimizda\"]}]},{\"@type\":\"WebSite\",\"@id\":\"https:\/\/epochtimestr.com\/#website\",\"url\":\"https:\/\/epochtimestr.com\/\",\"name\":\"The Epoch Times TR\",\"description\":\"De\u011fi\u015fen D\u00fcnyam\u0131za Taze Bir Bak\u0131\u015f\",\"publisher\":{\"@id\":\"https:\/\/epochtimestr.com\/#organization\"},\"potentialAction\":[{\"@type\":\"SearchAction\",\"target\":{\"@type\":\"EntryPoint\",\"urlTemplate\":\"https:\/\/epochtimestr.com\/?s={search_term_string}\"},\"query-input\":\"required name=search_term_string\"}],\"inLanguage\":\"tr\"},{\"@type\":\"Organization\",\"@id\":\"https:\/\/epochtimestr.com\/#organization\",\"name\":\"The EpochTimes T\u00fcrkiye\",\"url\":\"https:\/\/epochtimestr.com\/\",\"logo\":{\"@type\":\"ImageObject\",\"inLanguage\":\"tr\",\"@id\":\"https:\/\/epochtimestr.com\/#\/schema\/logo\/image\/\",\"url\":\"https:\/\/epochtimestr.com\/wp-content\/uploads\/2011y\/ET-Logo-YG.jpg\",\"contentUrl\":\"https:\/\/epochtimestr.com\/wp-content\/uploads\/2011y\/ET-Logo-YG.jpg\",\"width\":346,\"height\":29,\"caption\":\"The EpochTimes T\u00fcrkiye\"},\"image\":{\"@id\":\"https:\/\/epochtimestr.com\/#\/schema\/logo\/image\/\"},\"sameAs\":[\"https:\/\/www.facebook.com\/theepochtimestr\",\"https:\/\/x.com\/TheEpochTimesTR\",\"https:\/\/www.instagram.com\/epochtimestr\"]}]}<\/script>\n<!-- \/ Yoast SEO plugin. -->","yoast_head_json":{"title":"Hakk\u0131m\u0131zda - The Epoch Times TR","robots":{"index":"index","follow":"follow","max-snippet":"max-snippet:-1","max-image-preview":"max-image-preview:large","max-video-preview":"max-video-preview:-1"},"canonical":"https:\/\/epochtimestr.com\/index.php\/hakkimizda","og_locale":"tr_TR","og_type":"article","og_title":"Hakk\u0131m\u0131zda - The Epoch Times TR","og_description":"\u00a0 \u00a0 \u00a0 \u00a0 \u00a0 \u00a0 \u00a0 \u00a0 The Epoch Times: \u201cDe\u011fi\u015fen D\u00fcnyam\u0131za Taze Bir Bak\u0131\u015f\u201d Biz Kimiz https:\/\/epochtimestr.com\/ websitesi, Epoch Times T\u00fcrkiye taraf\u0131ndan yay\u0131nlanmaktad\u0131r. Epoch Medya Grubu ile olan ba\u011flant\u0131m\u0131z, bize t\u00fcm d\u00fcnyadan \u00f6d\u00fcll\u00fc gazetecilerin i\u00e7eriklerine eri\u015fim imkan\u0131 sa\u011flamaktad\u0131r. Di\u011fer yandan, Epoch Times T\u00fcrkiye ba\u011f\u0131ms\u0131z bir kurulu\u015ftur ve T\u00fcrkiye\u2019de y\u00f6netilmektedir. Epoch Medya Grubu, ba\u011f\u0131ms\u0131z [&hellip;]","og_url":"https:\/\/epochtimestr.com\/index.php\/hakkimizda","og_site_name":"The Epoch Times TR","article_publisher":"https:\/\/www.facebook.com\/theepochtimestr","article_modified_time":"2020-04-18T19:53:49+00:00","twitter_card":"summary_large_image","twitter_site":"@TheEpochTimesTR","twitter_misc":{"Tahmini okuma s\u00fcresi":"2 dakika"},"schema":{"@context":"https:\/\/schema.org","@graph":[{"@type":"WebPage","@id":"https:\/\/epochtimestr.com\/index.php\/hakkimizda","url":"https:\/\/epochtimestr.com\/index.php\/hakkimizda","name":"Hakk\u0131m\u0131zda - The Epoch Times TR","isPartOf":{"@id":"https:\/\/epochtimestr.com\/#website"},"datePublished":"2010-02-19T20:52:02+00:00","dateModified":"2020-04-18T19:53:49+00:00","inLanguage":"tr","potentialAction":[{"@type":"ReadAction","target":["https:\/\/epochtimestr.com\/index.php\/hakkimizda"]}]},{"@type":"WebSite","@id":"https:\/\/epochtimestr.com\/#website","url":"https:\/\/epochtimestr.com\/","name":"The Epoch Times TR","description":"De\u011fi\u015fen D\u00fcnyam\u0131za Taze Bir Bak\u0131\u015f","publisher":{"@id":"https:\/\/epochtimestr.com\/#organization"},"potentialAction":[{"@type":"SearchAction","target":{"@type":"EntryPoint","urlTemplate":"https:\/\/epochtimestr.com\/?s={search_term_string}"},"query-input":"required name=search_term_string"}],"inLanguage":"tr"},{"@type":"Organization","@id":"https:\/\/epochtimestr.com\/#organization","name":"The EpochTimes T\u00fcrkiye","url":"https:\/\/epochtimestr.com\/","logo":{"@type":"ImageObject","inLanguage":"tr","@id":"https:\/\/epochtimestr.com\/#\/schema\/logo\/image\/","url":"https:\/\/epochtimestr.com\/wp-content\/uploads\/2011y\/ET-Logo-YG.jpg","contentUrl":"https:\/\/epochtimestr.com\/wp-content\/uploads\/2011y\/ET-Logo-YG.jpg","width":346,"height":29,"caption":"The EpochTimes T\u00fcrkiye"},"image":{"@id":"https:\/\/epochtimestr.com\/#\/schema\/logo\/image\/"},"sameAs":["https:\/\/www.facebook.com\/theepochtimestr","https:\/\/x.com\/TheEpochTimesTR","https:\/\/www.instagram.com\/epochtimestr"]}]}},"_links":{"self":[{"href":"https:\/\/epochtimestr.com\/index.php\/wp-json\/wp\/v2\/pages\/2152"}],"collection":[{"href":"https:\/\/epochtimestr.com\/index.php\/wp-json\/wp\/v2\/pages"}],"about":[{"href":"https:\/\/epochtimestr.com\/index.php\/wp-json\/wp\/v2\/types\/page"}],"author":[{"embeddable":true,"href":"https:\/\/epochtimestr.com\/index.php\/wp-json\/wp\/v2\/users\/24"}],"replies":[{"embeddable":true,"href":"https:\/\/epochtimestr.com\/index.php\/wp-json\/wp\/v2\/comments?post=2152"}],"version-history":[{"count":47,"href":"https:\/\/epochtimestr.com\/index.php\/wp-json\/wp\/v2\/pages\/2152\/revisions"}],"predecessor-version":[{"id":125445,"href":"https:\/\/epochtimestr.com\/index.php\/wp-json\/wp\/v2\/pages\/2152\/revisions\/125445"}],"wp:attachment":[{"href":"https:\/\/epochtimestr.com\/index.php\/wp-json\/wp\/v2\/media?parent=2152"}],"curies":[{"name":"wp","href":"https:\/\/api.w.org\/{rel}","templated":true}]}}