{"id":50392,"date":"2011-11-22T11:15:14","date_gmt":"2011-11-22T08:15:14","guid":{"rendered":"http:\/\/epochtimestr.com\/?page_id=50392"},"modified":"2020-04-18T21:14:28","modified_gmt":"2020-04-18T18:14:28","slug":"arsiv","status":"publish","type":"page","link":"https:\/\/epochtimestr.com\/index.php\/arsiv","title":{"rendered":"Gizlilik Politikas\u0131"},"content":{"rendered":"<p><strong>Veri Politikam\u0131z<\/strong><\/p>\n<p>Epoch Times T\u00fcrkiye, ki\u015fisel bilgilerinizi bu gizlilik bildirimi uyar\u0131nca ve ilgili veri koruma Y\u00f6netmeli\u011fi ve yasalar\u0131na uygun olarak toplar ve i\u015fler. Bu bildirim size haklar\u0131n\u0131z ve y\u00fck\u00fcml\u00fcl\u00fcklerinizle ilgili gerekli bilgileri sa\u011flar ve ki\u015fisel verilerinizi nas\u0131l, neden ve ne zaman toplad\u0131\u011f\u0131m\u0131z\u0131 ve i\u015fledi\u011fimizi a\u00e7\u0131klar.<\/p>\n<p>Bize e-posta yoluyla ula\u015f\u0131labilir: iletisim@epochtimestr.com<strong>\u00a0<\/strong><\/p>\n<p><strong><u>Toplad\u0131\u011f\u0131m\u0131z Bilgiler:<\/u><\/strong><\/p>\n<p>Epoch Times T\u00fcrkiye, ki\u015fisel bilgilerinizi yasal, kanuna uygun ve s\u00f6zle\u015fmeden do\u011fan y\u00fck\u00fcml\u00fcl\u00fcklerimizi yerine getirmek ve size \u00fcr\u00fcn ve hizmetlerimizi sunmak i\u00e7in i\u015fler. Sizden hi\u00e7bir zaman gereksiz ki\u015fisel veri toplamayaca\u011f\u0131z ve bilgilerinizi bu bildirimde \u00f6nceden belirtilenler d\u0131\u015f\u0131nda hi\u00e7bir \u015fekilde i\u015fleme koymay\u0131z.<\/p>\n<p><strong><em>Toplad\u0131\u011f\u0131m\u0131z ki\u015fisel veriler:<\/em><\/strong><\/p>\n<ul>\n<li>E-posta (yaln\u0131zca b\u00fclten hizmetimize ve \u00e7evrimi\u00e7i aboneli\u011fe uygulanabilir)<\/li>\n<li>IP adresi<\/li>\n<li>taray\u0131c\u0131 tipi, cihaz tipi<\/li>\n<li>i\u015fletim sistemi<\/li>\n<li>web sitelerimizdeki kullan\u0131c\u0131 etkinli\u011fi \/ davran\u0131\u015flar\u0131 ve<\/li>\n<\/ul>\n<p><strong>Bilgileri a\u015fa\u011f\u0131daki \u015fekillerde topluyoruz:<\/strong><\/p>\n<ul>\n<li>\u00e7evrimi\u00e7i form<\/li>\n<li>farkl\u0131 \u00e7erezler<\/li>\n<li>di\u011fer kaynaklar<\/li>\n<\/ul>\n<p><strong><u>Ki\u015fisel Verilerinizi Nas\u0131l Kullan\u0131yoruz<\/u><\/strong><u> (\u0130\u015flemenin Yasal Temeli)<\/u><\/p>\n<p>Epoch Times T\u00fcrkiye, gizlili\u011finizi \u00e7ok ciddiye al\u0131r ve yasal olarak gerekli olmad\u0131k\u00e7a verilerinizi sizin r\u0131zan\u0131z olmadan if\u015fa etmez veya satmaz. Verilerinizi yaln\u0131zca gerekli oldu\u011fu s\u00fcrece ve bu bildirimde belirtilen ama\u00e7lar do\u011frultusunda saklar\u0131z. Size promosyon teklifleri ve pazarlama hizmeti sunmam\u0131z\u0131 kabul etti\u011finizde, herhangi bir zamanda onay\u0131n\u0131z\u0131 geri \u00e7ekmekte \u00f6zg\u00fcrs\u00fcn\u00fcz. Ki\u015fisel verilerinizi i\u015flemenin ama\u00e7lar\u0131 ve nedenleri a\u015fa\u011f\u0131da detayland\u0131r\u0131lm\u0131\u015ft\u0131r:<\/p>\n<ul>\n<li>Web sitelerinin ve Uygulamalar\u0131n kullan\u0131m\u0131na ili\u015fkin bilgileri, web sitelerinin ve Uygulamalar\u0131n i\u00e7eri\u011fini geli\u015ftirmek, ihtiya\u00e7lar\u0131n\u0131z i\u00e7in daha uygun hale getirmek ve kullan\u0131labilirliklerini artt\u0131rmak i\u00e7in toplar\u0131z.<\/li>\n<li>\u00fcr\u00fcnlerimiz (i\u00e7erikler gibi) ve size \u00f6zel servisler ile navigasyonunuzu daha keyifli ve ki\u015fisel hale getirmek i\u00e7in<\/li>\n<li>deneyiminizi ve sosyal payla\u015f\u0131m\u0131n\u0131z\u0131 kolayla\u015ft\u0131rmak i\u00e7in<\/li>\n<li>Yeni \u00fcr\u00fcn ve hizmetlerimizi kullan\u0131c\u0131lar\u0131n ilgisine g\u00f6re analiz etmek ve geli\u015ftirmek<\/li>\n<li>Belirli durumlarda, verilerinizi a\u015fa\u011f\u0131da a\u00e7\u0131klanan g\u00fcvenilir \u00fc\u00e7\u00fcnc\u00fc taraf hizmet ortaklar\u0131m\u0131zdan biriyle payla\u015fmak i\u00e7in s\u00f6zle\u015fmemiz gerekecek. Bu gibi durumlarda, payla\u015ft\u0131\u011f\u0131n\u0131z verilerin \u00fc\u00e7\u00fcnc\u00fc taraflara aktar\u0131laca\u011f\u0131n\u0131 a\u00e7\u0131k\u00e7a belirtece\u011fiz. Her zaman belirli bir programa kat\u0131lmayarak verilerinizi payla\u015fma se\u00e7ene\u011fine sahip olacaks\u0131n\u0131z.<\/li>\n<\/ul>\n<p><strong><u>Haklar\u0131n\u0131z<\/u><\/strong><\/p>\n<p>Epoch Times T\u00fcrkye&#8217;\u0131n sizinle ilgili i\u015fledi\u011fi herhangi bir ki\u015fisel bilgiye eri\u015fme ve a\u015fa\u011f\u0131daki konularda bilgi isteme hakk\u0131n\u0131z vard\u0131r: &#8211;<\/p>\n<ul>\n<li>Sizinle ilgili hangi ki\u015fisel verilere sahibiz<\/li>\n<li>\u0130\u015flemin ama\u00e7lar\u0131<\/li>\n<li>\u0130lgili ki\u015fisel veri kategorileri<\/li>\n<li>Ki\u015fisel verilerin a\u00e7\u0131kland\u0131\u011f\u0131 \/ if\u015fa edilece\u011fi al\u0131c\u0131lar<\/li>\n<li>Ki\u015fisel verilerinizi ne zamana kadar saklamay\u0131 planl\u0131yoruz?<\/li>\n<li>Verileri do\u011frudan sizden toplamad\u0131ysak, kaynakla ilgili bilgiler<\/li>\n<\/ul>\n<p>Hakk\u0131n\u0131zdaki eksik veya yanl\u0131\u015f verileri tuttu\u011fumuza inan\u0131yorsan\u0131z, bilgileri d\u00fczeltmemizi ve \/ veya doldurmam\u0131z\u0131 isteme hakk\u0131na sahipsiniz ve m\u00fcmk\u00fcn olan en k\u0131sa s\u00fcrede g\u00fcncellemek \/ d\u00fczeltmek i\u00e7in \u00e7aba g\u00f6sterece\u011fiz; bunu yapmamak i\u00e7in ge\u00e7erli bir sebep olmad\u0131\u011f\u0131 s\u00fcrece, bu noktada bilgilendirileceksiniz.<\/p>\n<p>Ayr\u0131ca, ki\u015fisel verilerinizin silinmesini talep etme veya veri koruma yasalar\u0131na uygun olarak i\u015flemeyi k\u0131s\u0131tlama, ayr\u0131ca bizden do\u011frudan pazarlamaya itiraz etme ve kulland\u0131\u011f\u0131m\u0131z otomatik karar verme hakk\u0131nda bilgi sahibi olma hakk\u0131na sahipsiniz.<\/p>\n<p>Sizden yukar\u0131daki haklardan herhangi birini kullanma talebinde bulunursak, ilgili talepte bulunmadan \u00f6nce kimli\u011finizi do\u011frulaman\u0131z\u0131 isteyebiliriz; bu, verilerinizin korunmas\u0131n\u0131 ve g\u00fcvende tutulmas\u0131n\u0131 sa\u011flamak i\u00e7indir.<\/p>\n<p>L\u00fctfen, bu t\u00fcr haklardan yararlan\u0131rsan\u0131z, bunun \u00fcr\u00fcn ve hizmetlerimizi sunma yetene\u011fimizi etkileyebilece\u011fini unutmay\u0131n.<\/p>\n<p><strong><u>Ki\u015fisel Bilgilerinizi Payla\u015fma ve \u0130f\u015fa Etme<\/u><\/strong><\/p>\n<p>Bu bildirimde belirtilen ama\u00e7lar d\u0131\u015f\u0131nda veya yasal bir zorunluluk olmas\u0131 d\u0131\u015f\u0131nda, ki\u015fisel bilgilerinizi sizin izniniz olmadan payla\u015fmaz veya if\u015fa etmeyiz. Epoch Times T\u00fcrkiye, \u00fc\u00e7\u00fcnc\u00fc taraflar\u0131m\u0131z taraf\u0131ndan gizlilik politikalar\u0131 taraf\u0131ndan y\u00f6netilen verilerinizi toplayan ve i\u015fleyen a\u015fa\u011f\u0131daki hizmetleri ve i\u015fletme i\u015flevlerini sa\u011flamak i\u00e7in g\u00fcvenilir \u00fc\u00e7\u00fcnc\u00fc taraflar\u0131 kullan\u0131r.<\/p>\n<p>Ki\u015fisel verilerinizi a\u015fa\u011f\u0131daki kategorilerle payla\u015f\u0131yoruz:<\/p>\n<ul>\n<li>Kullan\u0131c\u0131lar\u0131n web sitelerimizi ve Uygulamalar\u0131m\u0131z\u0131 nas\u0131l kulland\u0131klar\u0131n\u0131 analiz etmek, web sitelerimiz ve uygulamalar\u0131m\u0131zda ki\u015fisel ilgi alanlar\u0131n\u0131z\u0131 kar\u015f\u0131lamak \u00fczere ki\u015fiselle\u015ftirilmi\u015f uygun i\u00e7erikler sunmak i\u00e7in kullan\u0131c\u0131lar\u0131n ilgi alanlar\u0131n\u0131, e\u011filimlerini ve modellerini takip etmek i\u00e7in Google ve Facebook gibi g\u00fcvenilir \u00fc\u00e7\u00fcnc\u00fc taraf servis sa\u011flay\u0131c\u0131lar\u0131ndan gelen s\u0131n\u0131rl\u0131 hizmetleri kullan\u0131yoruz.<\/li>\n<li>Web sitelerimizde ve Uygulamalar\u0131m\u0131zda deneyiminiz oldu\u011funda ilginizi \u00e7eken ki\u015fiselle\u015ftirilmi\u015f reklamlar sunmak amac\u0131yla, kullan\u0131c\u0131lar\u0131m\u0131za web sitelerimizde ve Uygulamalar\u0131m\u0131zda g\u00f6r\u00fcnen reklamlar\u0131n baz\u0131lar\u0131nda hizmet vermek i\u00e7in s\u0131n\u0131rl\u0131 \u00fc\u00e7\u00fcnc\u00fc taraf reklam \u015firketleri kullan\u0131yoruz.<\/li>\n<\/ul>\n<p><strong><u>Uluslararas\u0131 ki\u015fisel bilgi aktar\u0131m\u0131<\/u><\/strong><\/p>\n<p>Google ve Facebook gibi servis sa\u011flay\u0131c\u0131lar\u0131m\u0131z ABD \u015firketleridir. AB-ABD ile uyumludurlar. Avrupa Ekonomik B\u00f6lgesi ile ABD aras\u0131nda ki\u015fisel verilerin toplanmas\u0131, kullan\u0131lmas\u0131 ve aktar\u0131lmas\u0131 ile ilgili Gizlilik Kalkan\u0131 \u00c7er\u00e7eve \u0130lkeleri (\u201cGizlilik Kalkan\u0131 \u0130lkeleri\u201d), AEA \u00fclkeleri ile ABD aras\u0131nda ki\u015fisel verilerin GDPR ile tam uyum i\u00e7inde uluslararas\u0131 transferini sa\u011flar. B\u00f6yle bir uluslararas\u0131 transferin ger\u00e7ekle\u015fmesi durumunda, ki\u015fisel verilerin korunmas\u0131n\u0131 \u00fcst d\u00fczeyde tutar.<\/p>\n<p><strong><u>Verilerinizi Sa\u011flamaman\u0131n Sonu\u00e7lar\u0131<\/u><\/strong><\/p>\n<p>Ki\u015fisel bilgilerinizi Epoch Times T\u00fcrkiye&#8217;ye vermek zorunda de\u011filsiniz, ancak, bu bilgiler size hizmetlerimizi \/ \u00fcr\u00fcnlerimizi sunmam\u0131z i\u00e7in gerekli oldu\u011fundan, \u00fcr\u00fcnlerimizin veya hizmetlerimizin bir k\u0131sm\u0131n\u0131 \/ tamam\u0131n\u0131 onsuz veremeyiz.<\/p>\n<p><strong>Verilerinizi Ne Kadar S\u00fcrede Tutuyoruz?<\/strong><\/p>\n<p>Epoch Times T\u00fcrkiye, ki\u015fisel verilerinizi, topland\u0131klar\u0131 ama\u00e7 i\u00e7in, web sitelerinde ve uygulamalarda kullan\u0131c\u0131lar\u0131m\u0131z olarak size sundu\u011fumuz hizmetleri sa\u011flamak i\u00e7in gerekli oldu\u011fu s\u00fcrece saklar.<strong><u>\u00a0<\/u><\/strong><\/p>\n<p><strong><u>18 ya\u015f\u0131n alt\u0131ndaki bireyler<\/u><\/strong><\/p>\n<p>Epoch Times T\u00fcrkiye, kas\u0131tl\u0131 olarak ve bilerek 18 ya\u015f\u0131n alt\u0131ndaki bireylerin ki\u015fisel bilgilerini i\u015flemez. 18 ya\u015f\u0131n alt\u0131ndaki kullan\u0131c\u0131lar\u0131n ki\u015fisel verileri, yaln\u0131zca \u00e7ocuk \u00fczerindeki ebeveyn sorumlulu\u011fu sahibi taraf\u0131ndan izin verildi\u011finde veya onayland\u0131\u011f\u0131nda i\u015flenir. Bu gibi durumlarda do\u011frulamak i\u00e7in her t\u00fcrl\u00fc \u00e7abay\u0131 g\u00f6sterece\u011fiz.<\/p>\n<p><strong><u>Gizlilik bildirimimizdeki de\u011fi\u015fiklikler<\/u><\/strong><\/p>\n<p>Epoch Times T\u00fcrkiye, bu bildirimi zaman zaman de\u011fi\u015ftirebilir. T\u00fcm de\u011fi\u015fiklikler burada yay\u0131nlanacak ve g\u00fcncellenecektir. \u00d6nemli de\u011fi\u015fiklikler olursa sizi do\u011frudan e-posta ile bilgilendiririz (e\u011fer sizin i\u00e7in tutarsak). Bu bildirimin en g\u00fcncel s\u00fcr\u00fcm\u00fcn\u00fc g\u00f6zden ge\u00e7irmek i\u00e7in buray\u0131 s\u0131k s\u0131k kontrol etmenizi \u00f6neririz.<\/p>\n<p>Bu a\u00e7\u0131klama en son 25 May\u0131s 2018 tarihinde g\u00fcncellenmi\u015ftir.<\/p>\n","protected":false},"excerpt":{"rendered":"<p>Veri Politikam\u0131z Epoch Times T\u00fcrkiye, ki\u015fisel bilgilerinizi bu gizlilik bildirimi uyar\u0131nca ve ilgili veri koruma Y\u00f6netmeli\u011fi ve yasalar\u0131na uygun olarak toplar ve i\u015fler. Bu bildirim size haklar\u0131n\u0131z ve y\u00fck\u00fcml\u00fcl\u00fcklerinizle ilgili gerekli bilgileri sa\u011flar ve ki\u015fisel verilerinizi nas\u0131l, neden ve ne zaman toplad\u0131\u011f\u0131m\u0131z\u0131 ve i\u015fledi\u011fimizi a\u00e7\u0131klar. Bize e-posta yoluyla ula\u015f\u0131labilir: iletisim@epochtimestr.com\u00a0 Toplad\u0131\u011f\u0131m\u0131z Bilgiler: Epoch Times T\u00fcrkiye, [&hellip;]<\/p>\n","protected":false},"author":22,"featured_media":0,"parent":0,"menu_order":0,"comment_status":"open","ping_status":"open","template":"","meta":{"_bbp_topic_count":0,"_bbp_reply_count":0,"_bbp_total_topic_count":0,"_bbp_total_reply_count":0,"_bbp_voice_count":0,"_bbp_anonymous_reply_count":0,"_bbp_topic_count_hidden":0,"_bbp_reply_count_hidden":0,"_bbp_forum_subforum_count":0,"footnotes":""},"yoast_head":"<!-- This site is optimized with the Yoast SEO plugin v23.0 - https:\/\/yoast.com\/wordpress\/plugins\/seo\/ -->\n<title>Gizlilik Politikas\u0131 - The Epoch Times TR<\/title>\n<meta name=\"robots\" content=\"index, follow, max-snippet:-1, max-image-preview:large, max-video-preview:-1\" \/>\n<link rel=\"canonical\" href=\"https:\/\/epochtimestr.com\/index.php\/arsiv\" \/>\n<meta property=\"og:locale\" content=\"tr_TR\" \/>\n<meta property=\"og:type\" content=\"article\" \/>\n<meta property=\"og:title\" content=\"Gizlilik Politikas\u0131 - The Epoch Times TR\" \/>\n<meta property=\"og:description\" content=\"Veri Politikam\u0131z Epoch Times T\u00fcrkiye, ki\u015fisel bilgilerinizi bu gizlilik bildirimi uyar\u0131nca ve ilgili veri koruma Y\u00f6netmeli\u011fi ve yasalar\u0131na uygun olarak toplar ve i\u015fler. Bu bildirim size haklar\u0131n\u0131z ve y\u00fck\u00fcml\u00fcl\u00fcklerinizle ilgili gerekli bilgileri sa\u011flar ve ki\u015fisel verilerinizi nas\u0131l, neden ve ne zaman toplad\u0131\u011f\u0131m\u0131z\u0131 ve i\u015fledi\u011fimizi a\u00e7\u0131klar. Bize e-posta yoluyla ula\u015f\u0131labilir: iletisim@epochtimestr.com\u00a0 Toplad\u0131\u011f\u0131m\u0131z Bilgiler: Epoch Times T\u00fcrkiye, [&hellip;]\" \/>\n<meta property=\"og:url\" content=\"https:\/\/epochtimestr.com\/index.php\/arsiv\" \/>\n<meta property=\"og:site_name\" content=\"The Epoch Times TR\" \/>\n<meta property=\"article:publisher\" content=\"https:\/\/www.facebook.com\/theepochtimestr\" \/>\n<meta property=\"article:modified_time\" content=\"2020-04-18T18:14:28+00:00\" \/>\n<meta name=\"twitter:card\" content=\"summary_large_image\" \/>\n<meta name=\"twitter:site\" content=\"@TheEpochTimesTR\" \/>\n<meta name=\"twitter:label1\" content=\"Tahmini okuma s\u00fcresi\" \/>\n\t<meta name=\"twitter:data1\" content=\"6 dakika\" \/>\n<script type=\"application\/ld+json\" class=\"yoast-schema-graph\">{\"@context\":\"https:\/\/schema.org\",\"@graph\":[{\"@type\":\"WebPage\",\"@id\":\"https:\/\/epochtimestr.com\/index.php\/arsiv\",\"url\":\"https:\/\/epochtimestr.com\/index.php\/arsiv\",\"name\":\"Gizlilik Politikas\u0131 - The Epoch Times TR\",\"isPartOf\":{\"@id\":\"https:\/\/epochtimestr.com\/#website\"},\"datePublished\":\"2011-11-22T08:15:14+00:00\",\"dateModified\":\"2020-04-18T18:14:28+00:00\",\"inLanguage\":\"tr\",\"potentialAction\":[{\"@type\":\"ReadAction\",\"target\":[\"https:\/\/epochtimestr.com\/index.php\/arsiv\"]}]},{\"@type\":\"WebSite\",\"@id\":\"https:\/\/epochtimestr.com\/#website\",\"url\":\"https:\/\/epochtimestr.com\/\",\"name\":\"The Epoch Times TR\",\"description\":\"De\u011fi\u015fen D\u00fcnyam\u0131za Taze Bir Bak\u0131\u015f\",\"publisher\":{\"@id\":\"https:\/\/epochtimestr.com\/#organization\"},\"potentialAction\":[{\"@type\":\"SearchAction\",\"target\":{\"@type\":\"EntryPoint\",\"urlTemplate\":\"https:\/\/epochtimestr.com\/?s={search_term_string}\"},\"query-input\":\"required name=search_term_string\"}],\"inLanguage\":\"tr\"},{\"@type\":\"Organization\",\"@id\":\"https:\/\/epochtimestr.com\/#organization\",\"name\":\"The EpochTimes T\u00fcrkiye\",\"url\":\"https:\/\/epochtimestr.com\/\",\"logo\":{\"@type\":\"ImageObject\",\"inLanguage\":\"tr\",\"@id\":\"https:\/\/epochtimestr.com\/#\/schema\/logo\/image\/\",\"url\":\"https:\/\/epochtimestr.com\/wp-content\/uploads\/2011y\/ET-Logo-YG.jpg\",\"contentUrl\":\"https:\/\/epochtimestr.com\/wp-content\/uploads\/2011y\/ET-Logo-YG.jpg\",\"width\":346,\"height\":29,\"caption\":\"The EpochTimes T\u00fcrkiye\"},\"image\":{\"@id\":\"https:\/\/epochtimestr.com\/#\/schema\/logo\/image\/\"},\"sameAs\":[\"https:\/\/www.facebook.com\/theepochtimestr\",\"https:\/\/x.com\/TheEpochTimesTR\",\"https:\/\/www.instagram.com\/epochtimestr\"]}]}<\/script>\n<!-- \/ Yoast SEO plugin. -->","yoast_head_json":{"title":"Gizlilik Politikas\u0131 - The Epoch Times TR","robots":{"index":"index","follow":"follow","max-snippet":"max-snippet:-1","max-image-preview":"max-image-preview:large","max-video-preview":"max-video-preview:-1"},"canonical":"https:\/\/epochtimestr.com\/index.php\/arsiv","og_locale":"tr_TR","og_type":"article","og_title":"Gizlilik Politikas\u0131 - The Epoch Times TR","og_description":"Veri Politikam\u0131z Epoch Times T\u00fcrkiye, ki\u015fisel bilgilerinizi bu gizlilik bildirimi uyar\u0131nca ve ilgili veri koruma Y\u00f6netmeli\u011fi ve yasalar\u0131na uygun olarak toplar ve i\u015fler. Bu bildirim size haklar\u0131n\u0131z ve y\u00fck\u00fcml\u00fcl\u00fcklerinizle ilgili gerekli bilgileri sa\u011flar ve ki\u015fisel verilerinizi nas\u0131l, neden ve ne zaman toplad\u0131\u011f\u0131m\u0131z\u0131 ve i\u015fledi\u011fimizi a\u00e7\u0131klar. Bize e-posta yoluyla ula\u015f\u0131labilir: iletisim@epochtimestr.com\u00a0 Toplad\u0131\u011f\u0131m\u0131z Bilgiler: Epoch Times T\u00fcrkiye, [&hellip;]","og_url":"https:\/\/epochtimestr.com\/index.php\/arsiv","og_site_name":"The Epoch Times TR","article_publisher":"https:\/\/www.facebook.com\/theepochtimestr","article_modified_time":"2020-04-18T18:14:28+00:00","twitter_card":"summary_large_image","twitter_site":"@TheEpochTimesTR","twitter_misc":{"Tahmini okuma s\u00fcresi":"6 dakika"},"schema":{"@context":"https:\/\/schema.org","@graph":[{"@type":"WebPage","@id":"https:\/\/epochtimestr.com\/index.php\/arsiv","url":"https:\/\/epochtimestr.com\/index.php\/arsiv","name":"Gizlilik Politikas\u0131 - The Epoch Times TR","isPartOf":{"@id":"https:\/\/epochtimestr.com\/#website"},"datePublished":"2011-11-22T08:15:14+00:00","dateModified":"2020-04-18T18:14:28+00:00","inLanguage":"tr","potentialAction":[{"@type":"ReadAction","target":["https:\/\/epochtimestr.com\/index.php\/arsiv"]}]},{"@type":"WebSite","@id":"https:\/\/epochtimestr.com\/#website","url":"https:\/\/epochtimestr.com\/","name":"The Epoch Times TR","description":"De\u011fi\u015fen D\u00fcnyam\u0131za Taze Bir Bak\u0131\u015f","publisher":{"@id":"https:\/\/epochtimestr.com\/#organization"},"potentialAction":[{"@type":"SearchAction","target":{"@type":"EntryPoint","urlTemplate":"https:\/\/epochtimestr.com\/?s={search_term_string}"},"query-input":"required name=search_term_string"}],"inLanguage":"tr"},{"@type":"Organization","@id":"https:\/\/epochtimestr.com\/#organization","name":"The EpochTimes T\u00fcrkiye","url":"https:\/\/epochtimestr.com\/","logo":{"@type":"ImageObject","inLanguage":"tr","@id":"https:\/\/epochtimestr.com\/#\/schema\/logo\/image\/","url":"https:\/\/epochtimestr.com\/wp-content\/uploads\/2011y\/ET-Logo-YG.jpg","contentUrl":"https:\/\/epochtimestr.com\/wp-content\/uploads\/2011y\/ET-Logo-YG.jpg","width":346,"height":29,"caption":"The EpochTimes T\u00fcrkiye"},"image":{"@id":"https:\/\/epochtimestr.com\/#\/schema\/logo\/image\/"},"sameAs":["https:\/\/www.facebook.com\/theepochtimestr","https:\/\/x.com\/TheEpochTimesTR","https:\/\/www.instagram.com\/epochtimestr"]}]}},"_links":{"self":[{"href":"https:\/\/epochtimestr.com\/index.php\/wp-json\/wp\/v2\/pages\/50392"}],"collection":[{"href":"https:\/\/epochtimestr.com\/index.php\/wp-json\/wp\/v2\/pages"}],"about":[{"href":"https:\/\/epochtimestr.com\/index.php\/wp-json\/wp\/v2\/types\/page"}],"author":[{"embeddable":true,"href":"https:\/\/epochtimestr.com\/index.php\/wp-json\/wp\/v2\/users\/22"}],"replies":[{"embeddable":true,"href":"https:\/\/epochtimestr.com\/index.php\/wp-json\/wp\/v2\/comments?post=50392"}],"version-history":[{"count":10,"href":"https:\/\/epochtimestr.com\/index.php\/wp-json\/wp\/v2\/pages\/50392\/revisions"}],"predecessor-version":[{"id":125435,"href":"https:\/\/epochtimestr.com\/index.php\/wp-json\/wp\/v2\/pages\/50392\/revisions\/125435"}],"wp:attachment":[{"href":"https:\/\/epochtimestr.com\/index.php\/wp-json\/wp\/v2\/media?parent=50392"}],"curies":[{"name":"wp","href":"https:\/\/api.w.org\/{rel}","templated":true}]}}